{"id":90,"date":"2019-11-19T08:55:52","date_gmt":"2019-11-19T08:55:52","guid":{"rendered":"http:\/\/dairesanat.com\/?page_id=90"},"modified":"2025-02-21T17:05:28","modified_gmt":"2025-02-21T14:05:28","slug":"basin-yayin","status":"publish","type":"page","link":"https:\/\/dairesanat.com\/index.php\/basin-yayin\/","title":{"rendered":"BASIN &#038; YAYIN"},"content":{"rendered":"<p>[vc_row][vc_column][vc_custom_heading text=&#8221;BASIN YAYIN&#8221; font_container=&#8221;tag:h2|text_align:left|color:%23cf2065&#8243; use_theme_fonts=&#8221;yes&#8221; css=&#8221;.vc_custom_1575499121495{margin-top: 25px !important;margin-bottom: 25px !important;}&#8221;][vc_column_text][\/vc_column_text][vc_gallery type=&#8221;image_grid&#8221; images=&#8221;982&#8243;][\/vc_column][\/vc_row][vc_row][vc_column][vc_column_text]TES\u0130RL\u0130 KAR\u015eILA\u015eMALAR<\/p>\n<blockquote class=\"wp-embedded-content\" data-secret=\"8wOzY5Bk4V\"><p><a href=\"https:\/\/bi-ozet.com\/2025\/02\/18\/tesirli-karsilasmalar-sergisi-offgrid-art-projectte\/\">&#8220;Tesirli Kar\u015f\u0131la\u015fmalar&#8221; Sergisi (offgrid art project)&#8217;te!<\/a><\/p><\/blockquote>\n<p><iframe class=\"wp-embedded-content\" sandbox=\"allow-scripts\" security=\"restricted\" style=\"position: absolute; clip: rect(1px, 1px, 1px, 1px);\" title=\"&#8220;&#8220;Tesirli Kar\u015f\u0131la\u015fmalar&#8221; Sergisi (offgrid art project)&#8217;te!&#8221; &#8212; bi_\u00f6zet - Sekt\u00f6rel G\u00fcndemin \u00d6zeti\" src=\"https:\/\/bi-ozet.com\/2025\/02\/18\/tesirli-karsilasmalar-sergisi-offgrid-art-projectte\/embed\/#?secret=8Ng2qxvDOE#?secret=8wOzY5Bk4V\" data-secret=\"8wOzY5Bk4V\" width=\"600\" height=\"338\" frameborder=\"0\" marginwidth=\"0\" marginheight=\"0\" scrolling=\"no\"><\/iframe><\/p>\n<p>https:\/\/www.hurriyet.com.tr\/yazarlar\/gozde-hatunoglu\/haftanin-kultur-sanatajandasi42696593<\/p>\n<p>https:\/\/www.timeout.com\/istanbul\/tr\/etkinlikler\/bugunhttps:\/\/www.hurriyet.com.tr\/kelebek\/hurriyet-cumartesi\/cok-sevilenler-sahnede-42701936<\/p>\n<p>https:\/\/www.aksam.com.tr\/kultur-sanat\/haftaninajandasi-buika-ve-kibariye-konserine-sayili-gunler-kaldi\/haber-1547163<\/p>\n<p>https:\/\/www.artfulliving.com.tr\/gundem\/offgrid-art-project-ve-daire-sanattan-is-birligi-tesirli-karsilasmalar-i-32207<\/p>\n<p>https:\/\/www.gazeteduvar.com.tr\/offgrid-art-projectde-tesirli-karsilasmalar-sergisi-basladi-haber-1757233<\/p>\n<p>https:\/\/tiyatrolar.com.tr\/sergi\/tesirli-karsilasmalar<\/p>\n<p>https:\/\/www.artnivo.com\/editoryel\/haberler\/tesirli-karsilasmalar-sergisi-daire-sanat-isbirligiyle-offgrid-art-projectte\/<\/p>\n<p>https:\/\/www.timeout.com\/istanbul\/tr\/sanat\/tesirli-karsilasmalar<\/p>\n<p>https:\/\/www.instagram.com\/sanattanbihabervar\/p\/DGDR3vuI4XT\/https:\/\/www.haberanahtari.com\/tesirli-karsilasmalar-sanat-teknoloji-ve-ekolojinin-bulusma-noktasi.html[\/vc_column_text][\/vc_column][\/vc_row]<\/p>\n","protected":false},"excerpt":{"rendered":"<p>[vc_row][vc_column][vc_custom_heading text=&#8221;BASIN YAYIN&#8221; font_container=&#8221;tag:h2|text_align:left|color:%23cf2065&#8243; use_theme_fonts=&#8221;yes&#8221; css=&#8221;.vc_custom_1575499121495{margin-top: 25px !important;margin-bottom: 25px !important;}&#8221;][vc_column_text][\/vc_column_text][vc_gallery type=&#8221;image_grid&#8221; images=&#8221;982&#8243;][\/vc_column][\/vc_row][vc_row][vc_column][vc_column_text]TES\u0130RL\u0130 KAR\u015eILA\u015eMALAR &#8220;Tesirli Kar\u015f\u0131la\u015fmalar&#8221; Sergisi (offgrid art project)&#8217;te! https:\/\/www.hurriyet.com.tr\/yazarlar\/gozde-hatunoglu\/haftanin-kultur-sanatajandasi42696593 [&hellip;]<\/p>\n","protected":false},"author":2,"featured_media":0,"parent":0,"menu_order":0,"comment_status":"closed","ping_status":"closed","template":"","meta":[],"_links":{"self":[{"href":"https:\/\/dairesanat.com\/index.php\/wp-json\/wp\/v2\/pages\/90"}],"collection":[{"href":"https:\/\/dairesanat.com\/index.php\/wp-json\/wp\/v2\/pages"}],"about":[{"href":"https:\/\/dairesanat.com\/index.php\/wp-json\/wp\/v2\/types\/page"}],"author":[{"embeddable":true,"href":"https:\/\/dairesanat.com\/index.php\/wp-json\/wp\/v2\/users\/2"}],"replies":[{"embeddable":true,"href":"https:\/\/dairesanat.com\/index.php\/wp-json\/wp\/v2\/comments?post=90"}],"version-history":[{"count":92,"href":"https:\/\/dairesanat.com\/index.php\/wp-json\/wp\/v2\/pages\/90\/revisions"}],"predecessor-version":[{"id":986,"href":"https:\/\/dairesanat.com\/index.php\/wp-json\/wp\/v2\/pages\/90\/revisions\/986"}],"wp:attachment":[{"href":"https:\/\/dairesanat.com\/index.php\/wp-json\/wp\/v2\/media?parent=90"}],"curies":[{"name":"wp","href":"https:\/\/api.w.org\/{rel}","templated":true}]}}