{"id":85,"date":"2019-11-19T08:50:53","date_gmt":"2019-11-19T08:50:53","guid":{"rendered":"http:\/\/dairesanat.com\/?page_id=85"},"modified":"2022-03-15T16:05:56","modified_gmt":"2022-03-15T13:05:56","slug":"haberler","status":"publish","type":"page","link":"https:\/\/dairesanat.com\/index.php\/haberler\/","title":{"rendered":"HABERLER"},"content":{"rendered":"<p>[vc_row][vc_column][vc_custom_heading text=&#8221;HABERLER&#8221; font_container=&#8221;tag:h2|text_align:left|color:%23cf2065&#8243; use_theme_fonts=&#8221;yes&#8221; css=&#8221;.vc_custom_1575499106932{margin-bottom: 35px !important;}&#8221;][vc_column_text]<\/p>\n<table class=\"center-table\">\n<tbody>\n<tr>\n<td valign=\"middle\">\n<div id=\"scroll_content\">\n<div><\/div>\n<div id=\"main_component\">\n<div id=\"system-message-container\">\n<div id=\"system-message\"><a href=\"https:\/\/kulturlimited.com\/acik-atolye-sanatci-programinin-ilkbahar-donemi-konuklari-belli-oldu\/\">A\u00e7\u0131k At\u00f6lye Sanat\u00e7\u0131 Program\u0131&#8217;n\u0131n \u0130lkbahar 2022 konuklar\u0131 belli oldu<\/a><\/div>\n<div><a href=\"https:\/\/www.artfulliving.com.tr\/gundem\/daire-sanatin-acik-atolye-sanatci-programina-basvurular-basladi-i-24431\">Daire Sanat A\u00e7\u0131k At\u00f6lye Sanat\u00e7\u0131 Program\u0131&#8217;na ba\u015fvurular ba\u015flad\u0131<\/a><\/div>\n<\/div>\n<div class=\"item-page\">\n<p><a href=\"https:\/\/kulturlimited.com\/2020\/01\/20\/daire-sanat-acik-atolye-sanatci-programindan-acik-cagri\/\">Daire Sanat A\u00e7\u0131k At\u00f6lye Sanat\u00e7\u0131 Program\u0131 (AASP) A\u00c7IK \u00c7A\u011eRI<\/a><\/p>\n<p><a href=\"https:\/\/bienal.iksv.org\/tr\/paralel-etkinlikler\">2019 \u0130stanbul Bienali Paralel Etkinli\u011fi<\/a>: <a href=\"https:\/\/bantmag.com\/eylul-2019da-istanbulda-acilan-kacirmamaniz-gereken-10-kisisel-sergi\/\">CANAN &#8220;Muhabbet, Kehabet, Saadet&#8221;<\/a><\/p>\n<p><a href=\"http:\/\/www.artfulliving.com.tr\/detay\/polifonik-bir-senfoninin-ccediloklu-katmanlarinbsp\">Bu\u011fra Erol @ Artfulliving<\/a><\/p>\n<p><a href=\"http:\/\/www.artfulliving.com.tr\/detay\/uumlccediluumlncuuml-goumlzuumlnuumlzuumln-nerenizde-olmasini-isterdiniz\">Cemre Ye\u015fil @ Artfulliving<\/a><\/p>\n<p><a href=\"http:\/\/issuu.com\/artunlimited_tr\/docs\/au_no_25\/87\" target=\"_blank\" rel=\"noopener noreferrer\">El\u00e7in Ekinci &#8220;D\u00fczenin Do\u011fas\u0131 \/ The Nature of Order&#8221; @ ART UNLIMITED<\/a><\/p>\n<p><a href=\"https:\/\/www.youtube.com\/watch?v=Vm2DUhl1-1Y\" target=\"_blank\" rel=\"noopener noreferrer\">El\u00e7in Ekinci &#8220;D\u00fczenin Do\u011fas\u0131 \/ The Nature of Order&#8221; @ BEA TV<\/a><\/p>\n<p><a href=\"http:\/\/sanat.milliyet.com.tr\/duzenin-dogasi-daire-galeri-de-\/plastiksanatlar\/detay\/1802464\/default.htm\" target=\"_blank\" rel=\"noopener noreferrer\">El\u00e7in Ekinci\u00a0&#8220;D\u00fczenin Do\u011fas\u0131 \/ The Nature of Order&#8221;\u00a0@ Milliyet Sanat<\/a><\/p>\n<p><a href=\"http:\/\/www.cornucopia.net\/blog\/gallery-walkabout-karakoy-tophane_2\/\" target=\"_blank\" rel=\"noopener noreferrer\">Daire Galeri @ Cornucopia.net<\/a><\/p>\n<p><a href=\"http:\/\/vimeo.com\/78864597#at=0\" target=\"_blank\" rel=\"noopener noreferrer\">Contemporary \u0130stanbul \/\/ 07 &#8211; 10 Kas\u0131m 2013, L\u00fctf\u00fc K\u0131rdar Uluslararas\u0131 Kongre ve Sergi Saray\u0131<\/a><\/p>\n<p><a href=\"http:\/\/sanatatak.com\/view\/2013un-en-iyileri\/589\" target=\"_blank\" rel=\"noopener noreferrer\">2013&#8217;\u00fcn en iyileri @ Sanatatak<\/a><\/p>\n<p><a href=\"http:\/\/www.todayszaman.com\/news-329965-artists-journey-on-a-lost-wing-in-madrid-ends-in-istanbul.html\" target=\"_blank\" rel=\"noopener noreferrer\">Sibel Horada &#8220;D\u00fc\u015f\u00fc\u015f \/ A Fall&#8221; @ Today&#8217;s Zaman<\/a><\/p>\n<p><a href=\"http:\/\/www.youtube.com\/watch?v=8SdHQ8R3oX0\" target=\"_blank\" rel=\"noopener noreferrer\">&#8220;Hayal G\u00fcc\u00fcn\u00fcn \u00dcr\u00fcn\u00fc&#8221; @ BEA TV<\/a><\/p>\n<p><a href=\"http:\/\/dairesanat.com\/wp-content\/uploads\/2020\/01\/taw-7_nisan_2013.jpg\">Tophane Art Walk (Say\u0131 19) \/\/ 7 Nisan 2013<\/a><\/p>\n<p><a href=\"http:\/\/dairesanat.com\/wp-content\/uploads\/2020\/01\/Untitled-1.jpg\">Tophane Art Walk (Say\u0131 18) \/\/ 10 \u015eubat 2013<\/a><\/p>\n<p><a href=\"http:\/\/www.ekavart.tv\/sergiler\/diger\/ceylan-ozturkgordumdaire-sanat\">Ceylan \u00d6zt\u00fcrk &#8220;G\u00f6rd\u00fcm&#8221; @ ekavart.tv<\/a><\/p>\n<p><a href=\"http:\/\/dairesanat.com\/wp-content\/uploads\/2020\/01\/taw_ve_grdm.jpg\">Tophane Art Walk (Say\u0131 17) \/\/ 9 Aral\u0131k 2012<\/a><\/p>\n<p><a href=\"http:\/\/dairesanat.com\/wp-content\/uploads\/2020\/01\/contempo_e_davet_2012.jpg\">Contemporary \u0130stanbul \/\/ 22 &#8211; 25 Kas\u0131m 2012, L\u00fctf\u00fc K\u0131rdar Uluslararas\u0131 Kongre ve Sergi Saray\u0131<\/a><\/p>\n<p><a href=\"http:\/\/www.christies.com\/lotfinder\/paintings\/ali-ibrahim-ocal-monolog-iii-5608618-details.aspx?from=searchresults&amp;intObjectID=5608618&amp;sid=5c1b1f74-5a11-4a1c-a9b9-6d4bf74d1675\">Ali \u0130brahim \u00d6cal @ Christie&#8217;s Modern ve \u00c7a\u011fda\u015f Arap, \u0130ran ve T\u00fcrk Sanat\u0131\u00a0M\u00fczayedesi 2012, Dubai<\/a><\/p>\n<p><a href=\"http:\/\/dairesanat.com\/wp-content\/uploads\/2020\/01\/art_walk_7_ekim.jpg\">Tophane Art Walk (Say\u0131 16) \/\/ 7 Ekim 2012<\/a><\/p>\n<p><a href=\"http:\/\/dairesanat.com\/wp-content\/uploads\/2020\/01\/pb-edavet.jpg\">Daire Galeri @ Preview Berlin \u00a0\/\/ 13 &#8211; 16 Eyl\u00fcl 2012, Berlin \/ Almanya<\/a><\/p>\n<p><a href=\"http:\/\/dairesanat.com\/wp-content\/uploads\/2020\/01\/krt_Turquoise_wtk2-2.jpg\">Daire Galeri @ Galerie Maurits Van De Laar \u00a0\/\/ 2 &#8211; 30 Eyl\u00fcl 2012, Hollanda<\/a><\/p>\n<p><a href=\"http:\/\/dairesanat.com\/wp-content\/uploads\/2020\/01\/art_walk_3_haziran_taslak_copy.jpg\">Tophane Art Walk (Say\u0131 15) \/\/ 3 Haziran 2012<\/a><\/p>\n<p><a href=\"http:\/\/dairesanat.com\/wp-content\/uploads\/2020\/01\/TAW.jpg\">Tophane Art Walk (Say\u0131 14) \/\/ \u00a08 Nisan 2012<\/a><\/p>\n<p><a href=\"http:\/\/www.sothebys.com\/en\/auctions\/ecatalogue\/2012\/contemporary-artturkish\/lot.42.html\">Ali \u0130brahim \u00d6cal @ Sotheby&#8217;s \u00c7a\u011fda\u015f T\u00fcrk Sanat\u0131 M\u00fczayedesi 2012, Londra<\/a><\/p>\n<p><a href=\"http:\/\/www.sothebys.com\/en\/auctions\/ecatalogue\/2012\/contemporary-artturkish\/lots.list.1.html#fkeys=filter-artist%3A-Alkan%2C%20Funda\">Funda Alkan @ Sotheby&#8217;s \u00c7a\u011fda\u015f T\u00fcrk Sanat\u0131 M\u00fczayedesi 2012, Londra<\/a><\/p>\n<p><a href=\"http:\/\/dairesanat.com\/index.php\/tr\/haberler\/28-haberler\/67-contemporary-istanbul-24-27-kas-m-2011\">Contemporary \u0130stanbul \/\/ 24 &#8211; 27 Kas\u0131m 2011, L\u00fctf\u00fc K\u0131rdar Uluslararas\u0131 Kongre ve Sergi Saray\u0131<\/a><\/p>\n<p><a href=\"http:\/\/www.bonhams.com\/auctions\/19267\/lot\/63\/?list_search_query=1&amp;lang=en_gb&amp;back_to_year=2003&amp;sale_no=19267&amp;limit=9999&amp;query=funda&amp;create_facets=False&amp;page_anchor=q1_1%3Dfunda%26m1%3D1%26b1%3Dlist\">Funda Alkan @ Bonhams Modern ve \u00c7a\u011fda\u015f T\u00fcrk Sanat\u0131 M\u00fczayedesi, Londra<\/a><\/p>\n<p><a href=\"http:\/\/frugaltraveler.blogs.nytimes.com\/2011\/07\/06\/100-weekend-in-istanbul\/?nl=travel&amp;emc=tda3\">Daire ve &#8220;S\u00f6z\u00fcn G\u00f6r\u00fcnt\u00fcs\u00fc&#8221; @ New York Times, 9 Temmuz 2011<\/a><\/p>\n<p><a href=\"http:\/\/www.sabah.com.tr\/Cumartesi\/2011\/11\/19\/cagdas-sanatta-neler-oluyor\">\u00c7a\u011fda\u015f Sanatta Neler Oluyor?<\/a><\/p>\n<\/div>\n<\/div>\n<\/div>\n<\/td>\n<\/tr>\n<\/tbody>\n<\/table>\n<p>[\/vc_column_text][\/vc_column][\/vc_row]<\/p>\n","protected":false},"excerpt":{"rendered":"<p>[vc_row][vc_column][vc_custom_heading text=&#8221;HABERLER&#8221; font_container=&#8221;tag:h2|text_align:left|color:%23cf2065&#8243; use_theme_fonts=&#8221;yes&#8221; css=&#8221;.vc_custom_1575499106932{margin-bottom: 35px !important;}&#8221;][vc_column_text] A\u00e7\u0131k At\u00f6lye Sanat\u00e7\u0131 Program\u0131&#8217;n\u0131n \u0130lkbahar 2022 konuklar\u0131 belli oldu Daire Sanat A\u00e7\u0131k At\u00f6lye [&hellip;]<\/p>\n","protected":false},"author":2,"featured_media":0,"parent":0,"menu_order":0,"comment_status":"closed","ping_status":"closed","template":"","meta":[],"_links":{"self":[{"href":"https:\/\/dairesanat.com\/index.php\/wp-json\/wp\/v2\/pages\/85"}],"collection":[{"href":"https:\/\/dairesanat.com\/index.php\/wp-json\/wp\/v2\/pages"}],"about":[{"href":"https:\/\/dairesanat.com\/index.php\/wp-json\/wp\/v2\/types\/page"}],"author":[{"embeddable":true,"href":"https:\/\/dairesanat.com\/index.php\/wp-json\/wp\/v2\/users\/2"}],"replies":[{"embeddable":true,"href":"https:\/\/dairesanat.com\/index.php\/wp-json\/wp\/v2\/comments?post=85"}],"version-history":[{"count":26,"href":"https:\/\/dairesanat.com\/index.php\/wp-json\/wp\/v2\/pages\/85\/revisions"}],"predecessor-version":[{"id":929,"href":"https:\/\/dairesanat.com\/index.php\/wp-json\/wp\/v2\/pages\/85\/revisions\/929"}],"wp:attachment":[{"href":"https:\/\/dairesanat.com\/index.php\/wp-json\/wp\/v2\/media?parent=85"}],"curies":[{"name":"wp","href":"https:\/\/api.w.org\/{rel}","templated":true}]}}