{"id":832,"date":"2020-02-05T13:03:47","date_gmt":"2020-02-05T13:03:47","guid":{"rendered":"http:\/\/dairesanat.com\/?page_id=832"},"modified":"2025-02-20T14:33:20","modified_gmt":"2025-02-20T11:33:20","slug":"etkinlikler","status":"publish","type":"page","link":"https:\/\/dairesanat.com\/index.php\/etkinlikler\/","title":{"rendered":"ETK\u0130NL\u0130KLER"},"content":{"rendered":"<p>[vc_row][vc_column][vc_custom_heading text=&#8221;ETK\u0130NL\u0130KLER&#8221; font_container=&#8221;tag:h2|text_align:left|color:%23cf2065&#8243; use_theme_fonts=&#8221;yes&#8221;][vc_column_text css=&#8221;.vc_custom_1739813888522{margin-top: 25px !important;border-bottom-width: 25px !important;}&#8221;]<strong>&#8220;Tesirli Kar\u015f\u0131la\u015fmalar&#8221;<\/strong><\/p>\n<p>&nbsp;<\/p>\n<p><strong>Offgrid Art Project<\/strong>, <strong>\u00a0Daire Sanat <\/strong>i\u015fbirli\u011fiyle\u00a0 <strong>&#8220;Tesirli Kar\u015f\u0131la\u015fmalar\u201d<\/strong> adl\u0131 sergiye evsahipli\u011fi yap\u0131yor. <strong>13 \u015eubat &#8211; 28 Mart<\/strong> tarihleri aras\u0131nda ger\u00e7ekle\u015fecek bu sergide, ekoloji, sanat ve teknolojinin kesi\u015fiminde eserler \u00fcreten sanat\u00e7\u0131lar bir araya geliyor. Ge\u00e7ti\u011fimiz sonbaharda Daire Sanat konuk sanat\u00e7\u0131 program\u0131na se\u00e7ilerek at\u00f6lye program\u0131n\u0131 tamamlayan sanat\u00e7\u0131lardan <strong>Can Memi\u015fo\u011fullar\u0131<\/strong>, ses, mek\u00e2n ve dijital teknolojilerin etkile\u015fimlerini konu alan ara\u015ft\u0131rmalar\u0131n\u0131 bireysel ve toplumsal d\u00f6n\u00fc\u015f\u00fcm s\u00fcre\u00e7leriyle ili\u015fkilendirirken; <strong>Asl\u0131han Mumcu ve Beyza Durhan<\/strong>\u2019\u0131n kurucusu oldu\u011fu <strong><em>KovanProject<\/em><\/strong>, ekolojiden temellenen sanatsal pratikleriyle dikkat \u00e7ekiyor. Bu \u00e7ok y\u00f6nl\u00fc sergi, sanatseverlere farkl\u0131 disiplinleri bir arada deneyimleme f\u0131rsat\u0131 sunacak.<\/p>\n<p><strong>Do\u011fa ve Ar\u0131 kolonisinin Ger\u00e7ek ve Metaforik Anlamlar\u0131yla \u00dcretimi: KovanProject<\/strong><\/p>\n<p><em>KovanProject<\/em>, T\u00fcrkiye\u2019nin iki ucunda Tekirda\u011f ve \u015e\u0131rnak\u2019ta ya\u015fayan, d\u00fcnyay\u0131 ayn\u0131 ekolojik kayg\u0131larla deneyimleyen Asl\u0131han Mumcu ve Beyza Durhan\u2019\u0131n ar\u0131lar\u0131n fiziksel ve metaforik varl\u0131\u011f\u0131ndan beslenerek i\u015flerini \u00fcretmesiyle ortaya \u00e7\u0131k\u0131yor.<\/p>\n<p>Sanat\u00e7\u0131lar\u0131n Daire Sanat\u2019\u0131 bir kovan (ev) olarak niteledi\u011fi ve burada ger\u00e7ekle\u015ftirdikleri \u00fcretim olan \u201c\u0130ki Y\u00fczl\u00fc Almanak\u201d serisi do\u011fa ve insan aras\u0131ndaki hiyerar\u015fiyi nas\u0131l \u201cyersiz ve yurtsuzla\u015ft\u0131rabilece\u011finin\u201d sorusuna cevap ar\u0131yor. Ar\u0131lar\u0131n, g\u00fcne\u015fin ve bitkilerin yolculu\u011funu ve aralar\u0131ndaki ili\u015fkiyi bir kimlik meselesi addediyor; ge\u00e7i\u015f, d\u00f6n\u00fc\u015f\u00fcm ve aidiyet kavramlar\u0131yla analiz etmeyi \u00f6neriyor. Proje, makro ve mikro \u00f6l\u00e7\u00fcde \u015e\u0131rnak ve Tekirda\u011f\u2019da ge\u00e7en bir y\u0131l\u0131n g\u00f6rsel g\u00fcnl\u00fcklerinden, bitkilerinden ve yan\u0131 s\u0131ra at\u00f6lye at\u0131klar\u0131ndan, duvarda biten bitkilerden besleniyor. Daire Sanat\u2019ta ger\u00e7ekle\u015fen bu at\u00f6lyede m\u00fch\u00fcrler i\u015fleniyor ve bas\u0131l\u0131yor, yol haritalar\u0131 g\u00fcn i\u00e7inde t\u00fcketilen at\u0131klar\u0131n yeniden pi\u015fmesiyle biyoplastik olarak \u015fekilleniyor ve ge\u00e7mi\u015fin g\u00f6rsel g\u00fcnl\u00fckleri malzemesiyle deneye a\u00e7\u0131k olarak yeniden g\u00f6zden ge\u00e7iriliyor. Kar\u015f\u0131l\u0131kl\u0131 in\u015fan\u0131n yollar\u0131n\u0131 bireysel ge\u00e7mi\u015fi, betonu, birlikteli\u011fi, kar\u015f\u0131la\u015fmay\u0131, t\u00fcketimi ve \u00fcretimi yok saymadan arayan\u00a0 \u201c\u0130ki Y\u00fczl\u00fc Almanak\u201d serisi offgrid art project\u2019de izleyicileri sanat ve ekoloji \u00fczerine d\u00fc\u015f\u00fcnmeye davet ediyor.<\/p>\n<p><strong>Can Memi\u015fo\u011fullar\u0131\u2019ndan Bir Se\u00e7ki<\/strong><\/p>\n<p>Ses, mek\u00e2n ve dijital teknolojilerin etkile\u015fimlerini konu alan ara\u015ft\u0131rmalar\u0131n\u0131 bireysel ve toplumsal d\u00f6n\u00fc\u015f\u00fcm s\u00fcre\u00e7leriyle ili\u015fkilendiren Can Memi\u015fo\u011fullar\u0131, g\u00fcncel sanat ve m\u00fczik alan\u0131nda disiplinleraras\u0131 bir yakla\u015f\u0131mla \u00fcretim yap\u0131yor.<\/p>\n<p>ARTER, Akbank Sanat, \u0130KSV, T\u00fcrkiye Avrupa Vakf\u0131 ve \u0130stanbul B\u00fcy\u00fck\u015fehir Belediyesi gibi platformlarda sergi, performans ve at\u00f6lye projeleriyle yer alan Memi\u015fo\u011fullar\u0131 offgrid art project\u2019de farkl\u0131 medyumlar\u0131 bir araya getirdi\u011fi, aralar\u0131nda video yerle\u015ftirme ve 3d bask\u0131 eserlerinin yer ald\u0131\u011f\u0131 bir se\u00e7kiyi sergileyecek. Do\u011fa olaylar\u0131, insan alg\u0131s\u0131 ve teknolojik ilerlemenin kesi\u015fim noktalar\u0131n\u0131 ke\u015ffetmeye y\u00f6nelik disiplinleraras\u0131 bir yakla\u015f\u0131mla eserlerini \u00fcreten Memi\u015fo\u011fullar\u0131, bu sergide de KovanProject\u2019e paralel olarak do\u011fa temas\u0131 etraf\u0131nda i\u015fledi\u011fi eserlerini izleyicilerle bulu\u015fturacak.<\/p>\n<p>&#8220;Tesirli Kar\u015f\u0131la\u015fmalar\u201d sergisinde offgrid art project\u2019i bir bulu\u015fma noktas\u0131 olarak konumlayan sanat\u00e7\u0131lar, izleyicileri sadece bir g\u00f6zlemci de\u011fil \u00fcretim s\u00fcrecine dahil oldu\u011fu etkile\u015fimi y\u00fcksek bir sergi deneyimine davet ediyor.<\/p>\n<p>&nbsp;<\/p>\n<p>&nbsp;[\/vc_column_text][\/vc_column][\/vc_row][vc_row][vc_column][vc_gallery type=&#8221;image_grid&#8221; images=&#8221;963,966,967,968,969,970,971,961,960,959&#8243;][\/vc_column][\/vc_row]<\/p>\n","protected":false},"excerpt":{"rendered":"<p>[vc_row][vc_column][vc_custom_heading text=&#8221;ETK\u0130NL\u0130KLER&#8221; font_container=&#8221;tag:h2|text_align:left|color:%23cf2065&#8243; use_theme_fonts=&#8221;yes&#8221;][vc_column_text css=&#8221;.vc_custom_1739813888522{margin-top: 25px !important;border-bottom-width: 25px !important;}&#8221;]&#8220;Tesirli Kar\u015f\u0131la\u015fmalar&#8221; &nbsp; Offgrid Art Project, \u00a0Daire Sanat i\u015fbirli\u011fiyle\u00a0 &#8220;Tesirli Kar\u015f\u0131la\u015fmalar\u201d adl\u0131 [&hellip;]<\/p>\n","protected":false},"author":2,"featured_media":0,"parent":0,"menu_order":0,"comment_status":"closed","ping_status":"closed","template":"","meta":[],"_links":{"self":[{"href":"https:\/\/dairesanat.com\/index.php\/wp-json\/wp\/v2\/pages\/832"}],"collection":[{"href":"https:\/\/dairesanat.com\/index.php\/wp-json\/wp\/v2\/pages"}],"about":[{"href":"https:\/\/dairesanat.com\/index.php\/wp-json\/wp\/v2\/types\/page"}],"author":[{"embeddable":true,"href":"https:\/\/dairesanat.com\/index.php\/wp-json\/wp\/v2\/users\/2"}],"replies":[{"embeddable":true,"href":"https:\/\/dairesanat.com\/index.php\/wp-json\/wp\/v2\/comments?post=832"}],"version-history":[{"count":11,"href":"https:\/\/dairesanat.com\/index.php\/wp-json\/wp\/v2\/pages\/832\/revisions"}],"predecessor-version":[{"id":983,"href":"https:\/\/dairesanat.com\/index.php\/wp-json\/wp\/v2\/pages\/832\/revisions\/983"}],"wp:attachment":[{"href":"https:\/\/dairesanat.com\/index.php\/wp-json\/wp\/v2\/media?parent=832"}],"curies":[{"name":"wp","href":"https:\/\/api.w.org\/{rel}","templated":true}]}}