{"id":77,"date":"2019-11-19T08:45:55","date_gmt":"2019-11-19T08:45:55","guid":{"rendered":"http:\/\/dairesanat.com\/?page_id=77"},"modified":"2020-01-07T15:23:19","modified_gmt":"2020-01-07T15:23:19","slug":"sergilenen-sanatcilar","status":"publish","type":"page","link":"https:\/\/dairesanat.com\/index.php\/sergilenen-sanatcilar\/","title":{"rendered":"SERG\u0130LENEN SANAT\u00c7ILAR"},"content":{"rendered":"<p>[vc_row][vc_column][vc_custom_heading text=&#8221;SERG\u0130LENEN SANAT\u00c7ILAR&#8221; font_container=&#8221;tag:h2|text_align:left|color:%23cf2065&#8243; use_theme_fonts=&#8221;yes&#8221;][\/vc_column][\/vc_row][vc_row css=&#8221;.vc_custom_1576156793596{margin-top: 25px !important;}&#8221;][vc_column width=&#8221;1\/2&#8243;][vc_column_text]<a href=\"http:\/\/dairesanat.com\/index.php\/ahmet-duru\/\"><strong>Ahmet Duru<\/strong><\/a><br \/>\n<a href=\"http:\/\/dairesanat.com\/index.php\/ali-ibrahim-ocal\/\"><strong>Ali \u0130brahim \u00d6cal<\/strong><\/a><br \/>\nAnita Bacic<br \/>\n<a href=\"http:\/\/dairesanat.com\/index.php\/anna-heidenhain\/\"><strong>Anna Heidenhain<\/strong><\/a><br \/>\nAnne Poehlmann<br \/>\nAli Ekber Kumtepe<br \/>\n<strong><a href=\"http:\/\/dairesanat.com\/index.php\/ardan-ozmenoglu\/\">Ardan \u00d6zmeno\u011flu<\/a><\/strong><br \/>\nArman Tadevosyan<br \/>\nArslan Ahmedov<br \/>\nAsl\u0131 \u00d6zok<br \/>\n<strong><a href=\"http:\/\/dairesanat.com\/index.php\/ayla-turan\/\">Ayla Turan<\/a><\/strong><br \/>\nAysun \u00d6ner<br \/>\nBarbara Klinker<br \/>\nBerke Soyuer<br \/>\n<a href=\"http:\/\/dairesanat.com\/index.php\/bugra-erol\/\"><strong>Bu\u011fra Erol<\/strong><\/a><br \/>\nBur\u00e7in Erdi<br \/>\nCan Erta\u015f<br \/>\n<a class=\"normal\" href=\"http:\/\/dairesanat.com\/index.php\/candan-ozturk\/\"><strong>Candan \u00d6zt\u00fcrk<\/strong><\/a><br \/>\nCarolyn Thompson<br \/>\n<a href=\"http:\/\/dairesanat.com\/index.php\/cemre-yesil\/\"><strong>Cemre Ye\u015fil<\/strong><\/a><br \/>\nCeren Selmanpako\u011flu<br \/>\n<a class=\"normal\" href=\"http:\/\/dairesanat.com\/index.php\/ceylan-ozturk\/\"><strong>Ceylan \u00d6zt\u00fcrk<\/strong><\/a><br \/>\n<strong class=\"normal\"><a href=\"http:\/\/dairesanat.com\/index.php\/cagri-saray\/\">\u00c7a\u011fr\u0131 Saray<\/a><\/strong><br \/>\nDaphna Talmor<br \/>\nDeniz \u00dcnal<br \/>\nDeniz \u00dcster<br \/>\n<a href=\"http:\/\/dairesanat.com\/index.php\/dilay-kocogullari\/\"><strong>Dilay Ko\u00e7o\u011fullar\u0131<\/strong><\/a><br \/>\nEd Pien<br \/>\nEl\u00e7in Acun<br \/>\n<a href=\"http:\/\/dairesanat.com\/index.php\/elcin-ekinci\/\"><strong>El\u00e7in Ekinci<\/strong><\/a><br \/>\n<a href=\"http:\/\/dairesanat.com\/index.php\/elif-sanem-karakoc\/\"><strong>Elif Sanem Karako\u00e7<\/strong><\/a><br \/>\n<a href=\"http:\/\/dairesanat.com\/index.php\/esin-turan\/\"><strong>Esin Turan<\/strong><\/a><br \/>\n<a href=\"http:\/\/dairesanat.com\/index.php\/esra-carus\/\"><strong>Esra Carus<\/strong><\/a><br \/>\nEva Bertram<br \/>\nFabian Schubert<br \/>\n<a href=\"http:\/\/dairesanat.com\/index.php\/firat-neziroglu\/\"><strong>F\u0131rat Neziro\u011flu<\/strong><\/a><br \/>\nF\u00fcruzan \u015eim\u015fek<br \/>\nGamze \u00d6zer<br \/>\n<strong><a href=\"http:\/\/dairesanat.com\/index.php\/tr\/sanatcilar\/sergilenenler\/20-sergiler\/sergi-2011\/30-hava-kararmadan-guel-ilgaz-10-mart-mar-9-nisan-apr-2011\">Genco G\u00fclan<\/a><\/strong><br \/>\n<strong><a href=\"http:\/\/dairesanat.com\/index.php\/tr\/exhibitions\/exhibitions-2015\/187-power-and-oblivion-2\">G\u00f6zde Ba\u015fkent<\/a><\/strong><br \/>\n<a href=\"http:\/\/dairesanat.com\/index.php\/gul-ilgaz\/\"><strong>G\u00fcl Ilgaz<\/strong><\/a><br \/>\n<a href=\"http:\/\/dairesanat.com\/index.php\/hakan-dagdelen\/\"><strong>Hakan Da\u011fdelen<\/strong><\/a><br \/>\nHaner Pamuk\u00e7u<br \/>\n\u0130brahim Ko\u00e7[\/vc_column_text][\/vc_column][vc_column width=&#8221;1\/2&#8243;][vc_column_text]<\/p>\n<p><strong><a href=\"http:\/\/dairesanat.com\/index.php\/ibrahim-resnelli\/\">\u0130brahim Resnelli<\/a><\/strong><br \/>\n\u0130brahim Tokaslan<br \/>\n\u0130rem Tok<br \/>\nJean Christophe Sartoris<br \/>\nJustin Wijers<br \/>\n\u0130smet Do\u011fan<br \/>\n<a href=\"http:\/\/dairesanat.com\/index.php\/kaan-sofuoglu\/\"><strong>Kaan Sofuo\u011flu<\/strong><\/a><br \/>\nKaren Stuke<br \/>\n<a href=\"http:\/\/dairesanat.com\/index.php\/kerem-agrali\/\"><strong>Kerem A\u011fral\u0131<\/strong><\/a><br \/>\n<a href=\"http:\/\/dairesanat.com\/index.php\/lebriz-rona\/\"><strong>Lebriz Rona<\/strong><\/a><br \/>\nLila Karbowska<br \/>\nMehmet Ali Uysal<br \/>\nMustafa \u00d6zel<br \/>\nMustafa Pancar<br \/>\nNazan Azeri<br \/>\n<a href=\"http:\/\/dairesanat.com\/index.php\/nesren-jake\/\"><strong>Nesren Jake<\/strong><\/a><br \/>\nNilhan Sesalan<br \/>\n<a href=\"http:\/\/dairesanat.com\/index.php\/ozgul-arslan\/\"><strong>\u00d6zg\u00fcl Arslan<\/strong><\/a><br \/>\n\u00d6zg\u00fcr Korkmazgil<br \/>\n\u00d6zlem \u015eim\u015fek<br \/>\nPatrick Jambon<br \/>\nPavel K\u0131m<br \/>\nPeter Ojstersek<br \/>\nPet05<br \/>\n<a href=\"http:\/\/dairesanat.com\/index.php\/ragip-basmazolmez\/\"><strong>Rag\u0131p Basmaz\u00f6lmez\u00a0<\/strong><\/a><br \/>\nRecep Akar<br \/>\nSeekee Chunk<br \/>\n<a href=\"http:\/\/dairesanat.com\/index.php\/sena-basoz\/\"><strong>Sena Ba\u015f\u00f6z<\/strong><\/a><br \/>\nSibel Diker<br \/>\n<a href=\"http:\/\/dairesanat.com\/index.php\/sibel-horada\/\"><strong>Sibel Horada<\/strong><\/a><br \/>\n<a href=\"http:\/\/dairesanat.com\/index.php\/sema-kayaonu\/\"><strong>Sema Kaya\u00f6n\u00fc<\/strong><\/a><br \/>\nTina Fischer<br \/>\nVeneta Zaharieva<br \/>\nY\u0131ld\u0131z Y\u00fcksel<br \/>\nZeger Reyers<br \/>\n<a href=\"http:\/\/dairesanat.com\/index.php\/zeynep-bingol-ciftci\/\"><strong>Zeynep Bing\u00f6l \u00c7ift\u00e7i<\/strong><\/a>[\/vc_column_text][\/vc_column][\/vc_row]<\/p>\n","protected":false},"excerpt":{"rendered":"<p>[vc_row][vc_column][vc_custom_heading text=&#8221;SERG\u0130LENEN SANAT\u00c7ILAR&#8221; font_container=&#8221;tag:h2|text_align:left|color:%23cf2065&#8243; use_theme_fonts=&#8221;yes&#8221;][\/vc_column][\/vc_row][vc_row css=&#8221;.vc_custom_1576156793596{margin-top: 25px !important;}&#8221;][vc_column width=&#8221;1\/2&#8243;][vc_column_text]Ahmet Duru Ali \u0130brahim \u00d6cal Anita Bacic Anna Heidenhain Anne Poehlmann Ali [&hellip;]<\/p>\n","protected":false},"author":2,"featured_media":0,"parent":0,"menu_order":0,"comment_status":"closed","ping_status":"closed","template":"","meta":[],"_links":{"self":[{"href":"https:\/\/dairesanat.com\/index.php\/wp-json\/wp\/v2\/pages\/77"}],"collection":[{"href":"https:\/\/dairesanat.com\/index.php\/wp-json\/wp\/v2\/pages"}],"about":[{"href":"https:\/\/dairesanat.com\/index.php\/wp-json\/wp\/v2\/types\/page"}],"author":[{"embeddable":true,"href":"https:\/\/dairesanat.com\/index.php\/wp-json\/wp\/v2\/users\/2"}],"replies":[{"embeddable":true,"href":"https:\/\/dairesanat.com\/index.php\/wp-json\/wp\/v2\/comments?post=77"}],"version-history":[{"count":36,"href":"https:\/\/dairesanat.com\/index.php\/wp-json\/wp\/v2\/pages\/77\/revisions"}],"predecessor-version":[{"id":519,"href":"https:\/\/dairesanat.com\/index.php\/wp-json\/wp\/v2\/pages\/77\/revisions\/519"}],"wp:attachment":[{"href":"https:\/\/dairesanat.com\/index.php\/wp-json\/wp\/v2\/media?parent=77"}],"curies":[{"name":"wp","href":"https:\/\/api.w.org\/{rel}","templated":true}]}}