{"id":67,"date":"2019-11-18T15:53:21","date_gmt":"2019-11-18T15:53:21","guid":{"rendered":"http:\/\/dairesanat.com\/?page_id=67"},"modified":"2022-03-15T15:58:35","modified_gmt":"2022-03-15T12:58:35","slug":"hakkimizda","status":"publish","type":"page","link":"https:\/\/dairesanat.com\/index.php\/hakkimizda\/","title":{"rendered":"HAKKIMIZDA"},"content":{"rendered":"<p>[vc_row][vc_column][vc_custom_heading text=&#8221;DA\u0130RE SANAT HAKKINDA&#8221; font_container=&#8221;tag:h2|text_align:left|color:%23cf2065&#8243; use_theme_fonts=&#8221;yes&#8221; css=&#8221;.vc_custom_1580068742118{margin-top: 25px !important;margin-bottom: 25px !important;}&#8221;][vc_column_text]2008 y\u0131l\u0131nda Selin S\u00f6l taraf\u0131ndan Cihangir\u2019de, k\u00e2r amac\u0131 g\u00fctmeyen bir sergi mek\u00e2n\u0131 olarak kurulmu\u015ftur. Kuruldu\u011fu ilk iki y\u0131l k\u00fcrat\u00f6r ve sanat\u00e7\u0131-k\u00fcrat\u00f6rler\u2019in d\u00fczenledi\u011fi tematik grup sergilerine ve gen\u00e7 sanat\u00e7\u0131lar\u0131n g\u00f6r\u00fcn\u00fcrl\u00fc\u011f\u00fcne odaklanm\u0131\u015ft\u0131r. Gen\u00e7 sanat\u00e7\u0131lara olan deste\u011fini artt\u0131rmak ve onlar\u0131n &#8220;ilk ki\u015fisel sergi&#8221;lerini sunarak sanat kariyerlerine katk\u0131da bulunmak amac\u0131yla 2010 y\u0131l\u0131 itibari ile ticari bir galeri format\u0131na ge\u00e7i\u015f yapm\u0131\u015ft\u0131r. 2010 y\u0131l\u0131nda Tophane Bo\u011fazkesen Caddesi\u2019ne ta\u015f\u0131narak sanat\u00e7\u0131 temsiliyeti beraberinde sergilerini s\u00fcrd\u00fcrm\u00fc\u015ft\u00fcr.<\/p>\n<p>2008 y\u0131l\u0131ndan bu yana k\u00fcrat\u00f6ryel ya da ki\u015fisel sergileri ile Daire Sanat\u2019ta yer alan sanat\u00e7\u0131lar aras\u0131nda G\u00fcl Ilgaz, Genco G\u00fclan, \u0130smet Do\u011fan, Mehmet Ali Uysal, Volkan Aslan, Sena Ba\u015f\u00f6z, Ardan \u00d6zmeno\u011flu, El\u00e7in Ekinci, Anna Heidenhain, Anita Bacic, F\u0131rat Neziro\u011flu, \u0130rem Tok, Mustafa Pancar, Evrim Kavcar, Hera B\u00fcy\u00fckta\u015f\u00e7\u0131yan, Balca Ergener, Didem \u00d6zbek, \u0130z \u00d6ztat, \u0130brahim Ko\u00e7, Turan Aksoy, Hayal \u0130ncedo\u011fan,\u00a0 Peter Tzanev, Evren Erol, Volkan K\u0131z\u0131ltun\u00e7, Orhan Cem \u00c7etin, Cemre Ye\u015fil, \u00d6zge Engin\u00f6z, Osman Bozkurt, Perform \u0130stanbul, ve CANAN bulunmaktad\u0131r.<\/p>\n<p>2017 y\u0131l\u0131 itibariyle Cihangir\u2019deki yeni mek\u00e2n\u0131nda ticari bir galeri format\u0131ndan uzakla\u015farak kurulu\u015f misyonuna yak\u0131n dinamik bir yap\u0131 geli\u015ftirmeyi hedeflemi\u015ftir. Daire Sanat, k\u00fcrat\u00f6ryal ve sanat\u00e7\u0131lar\u0131n sergileme pratiklerine olan yakla\u015f\u0131mlar\u0131n\u0131 sunan sergiler, ba\u011f\u0131ms\u0131z projeler ve i\u015f birlikleri, sanat ve sosyok\u00fclt\u00fcrel konular\u0131 ele alan konu\u015fma ve etkinlikler geli\u015ftirerek program\u0131na devam etmi\u015ftir.<\/p>\n<p>Daire Sanat, 2019 Kas\u0131m ay\u0131 itibari ile Cihangir\u2019de bulunan sergi mek\u00e2n\u0131nda <strong>A\u00e7\u0131k At\u00f6lye Sanat\u00e7\u0131 Program\u0131<\/strong>&#8216;n\u0131 y\u00fcr\u00fctmeye ba\u015flad\u0131. Programa kat\u0131lan sanat\u00e7\u0131, \u00e7al\u0131\u015fmalar\u0131n\u0131, projesini geli\u015ftirmek ve olgunla\u015ft\u0131rmak i\u00e7in \u00fc\u00e7 ayl\u0131k bir s\u00fcre zarf\u0131nda, kendi at\u00f6lye ortam\u0131na d\u00f6n\u00fc\u015ft\u00fcrd\u00fc\u011f\u00fc galeri mek\u00e2n\u0131nda s\u00fcrd\u00fcr\u00fcr. Galerinin on iki y\u0131ld\u0131r s\u00fcrd\u00fcrd\u00fc\u011f\u00fc sergi program\u0131 dinami\u011fini korumak ad\u0131na at\u00f6lye, haftan\u0131n iki g\u00fcn\u00fc sanat\u00e7\u0131n\u0131n belirledi\u011fi g\u00fcnlerde ziyarete ve kat\u0131l\u0131ma a\u00e7\u0131kt\u0131r. At\u00f6lyenin ziyarete a\u00e7\u0131k oldu\u011fu g\u00fcnlerde sanatseverler hem sanat\u00e7\u0131y\u0131 tan\u0131ma imk\u00e2n\u0131na hem de proje s\u00fcrecine tan\u0131kl\u0131k etme f\u0131rsat\u0131n\u0131 yakalam\u0131\u015f olurlar.\u00a0 Konuk sanat\u00e7\u0131 proje s\u00fcresi sonunda mek\u00e2nda d\u00fczenlenecek bir etkinlik daveti ile program\u0131 tamamlar.[\/vc_column_text][\/vc_column][\/vc_row][vc_row][vc_column][vc_column_text]<em><span style=\"color: #333333;\"><strong>ABOUT DAIRE SANAT<\/strong><\/span><\/em><\/p>\n<p><em><span style=\"color: #333333;\">It was founded by Selin S\u00f6l in 2008 as a non-profit art platform in Cihangir. In the first two years of its establishment, it focused on the thematic group exhibitions organized by curators and artist-curators and the visibility of young artists. As of 2010, Daire Sanat assumed a commercial gallery format in order to increase its support to young artists and to contribute to their art careers by presenting their &#8220;first solo exhibitions&#8221;. In 2010, it moved to Tophane Bo\u011fazkesen Street and continued with the representation of up and coming artists.<\/span><\/em><\/p>\n<p><em><span style=\"color: #333333;\">Among the artists who took part in Daire Sanat events with their curatorial works or solo exhibitions starting from 2008 are G\u00fcl Ilgaz, Genco G\u00fclan, \u0130smet Do\u011fan, Mehmet Ali Uysal, Volkan Aslan, Sena Ba\u015f\u00f6z, Ardan \u00d6zmeno\u011flu, El\u00e7in Ekinci, Anna Heidenhain, Anita Bacic, F\u0131rat Neziro\u011flu, \u0130rem Tok, Mustafa Pancar, Evrim Kavcar, Hera B\u00fcy\u00fckta\u015f\u00e7\u0131yan, Balca Ergener, Didem \u00d6zbek, \u0130z \u00d6ztat, \u0130brahim Ko\u00e7, Turan Aksoy, Hayal \u0130ncedo\u011fan, Peter Tzanev, Evren Erol, Volkan K\u0131z\u0131ltun\u00e7, Orhan Cem \u00c7etin, Cemre Ye\u015fil, \u00d6zge Engin\u00f6z, Osman Bozkurt, Perform Istanbul, and CANAN.<\/span><\/em><\/p>\n<p><em><span style=\"color: #333333;\">As of 2017, Daire has aimed to develop a dynamic structure similar to its founding mission by moving away from a commercial gallery format in its new location in Cihangir. Daire Sanat continued its program by developing exhibitions which present the approaches of curators and artists to exhibition practices, independent projects and collaborations, speeches and activities on art and sociocultural issues.<\/span><\/em><\/p>\n<p><em><span style=\"color: #333333;\">As of November 2019, Daire Sanat transformed the exhibition venue in Cihangir into <strong>Open Studio Artist Programme<\/strong>. The artists participating in the program are able to continue his\/her works in the venue, which she\/he has transformed into her own studio environment, for a period of three months required to complete their projects. The studios are open to visiting and the artists are present two days a week in order to preserve the dynamics of the exhibition program that the gallery has continued for twelve years. On the days when the studio is open to visitors, they will have the opportunity both to get to know the artists and to witness the project process.\u00a0 The participant artists will complete the programme with an event to be held in the venue at the end of the project. The Programme started in November 2019, and an Open Call for application was announced in January 2020.<\/span><\/em><\/p>\n<p>&nbsp;[\/vc_column_text][\/vc_column][\/vc_row]<\/p>\n","protected":false},"excerpt":{"rendered":"<p>[vc_row][vc_column][vc_custom_heading text=&#8221;DA\u0130RE SANAT HAKKINDA&#8221; font_container=&#8221;tag:h2|text_align:left|color:%23cf2065&#8243; use_theme_fonts=&#8221;yes&#8221; css=&#8221;.vc_custom_1580068742118{margin-top: 25px !important;margin-bottom: 25px !important;}&#8221;][vc_column_text]2008 y\u0131l\u0131nda Selin S\u00f6l taraf\u0131ndan Cihangir\u2019de, k\u00e2r amac\u0131 g\u00fctmeyen bir [&hellip;]<\/p>\n","protected":false},"author":2,"featured_media":0,"parent":0,"menu_order":0,"comment_status":"closed","ping_status":"closed","template":"","meta":[],"_links":{"self":[{"href":"https:\/\/dairesanat.com\/index.php\/wp-json\/wp\/v2\/pages\/67"}],"collection":[{"href":"https:\/\/dairesanat.com\/index.php\/wp-json\/wp\/v2\/pages"}],"about":[{"href":"https:\/\/dairesanat.com\/index.php\/wp-json\/wp\/v2\/types\/page"}],"author":[{"embeddable":true,"href":"https:\/\/dairesanat.com\/index.php\/wp-json\/wp\/v2\/users\/2"}],"replies":[{"embeddable":true,"href":"https:\/\/dairesanat.com\/index.php\/wp-json\/wp\/v2\/comments?post=67"}],"version-history":[{"count":15,"href":"https:\/\/dairesanat.com\/index.php\/wp-json\/wp\/v2\/pages\/67\/revisions"}],"predecessor-version":[{"id":928,"href":"https:\/\/dairesanat.com\/index.php\/wp-json\/wp\/v2\/pages\/67\/revisions\/928"}],"wp:attachment":[{"href":"https:\/\/dairesanat.com\/index.php\/wp-json\/wp\/v2\/media?parent=67"}],"curies":[{"name":"wp","href":"https:\/\/api.w.org\/{rel}","templated":true}]}}