{"id":424,"date":"2020-01-07T00:08:03","date_gmt":"2020-01-07T00:08:03","guid":{"rendered":"http:\/\/dairesanat.com\/?page_id=424"},"modified":"2020-01-07T00:08:43","modified_gmt":"2020-01-07T00:08:43","slug":"zeynep-bingol-ciftci","status":"publish","type":"page","link":"https:\/\/dairesanat.com\/index.php\/zeynep-bingol-ciftci\/","title":{"rendered":"Zeynep Bing\u00f6l \u00c7ift\u00e7i"},"content":{"rendered":"<p>[vc_row][vc_column][vc_custom_heading text=&#8221;Zeynep Bing\u00f6l \u00c7ift\u00e7i&#8221; font_container=&#8221;tag:h2|text_align:left|color:%23cf2065&#8243; use_theme_fonts=&#8221;yes&#8221;][\/vc_column][\/vc_row][vc_row][vc_column][vc_column_text css=&#8221;.vc_custom_1578355724906{margin-top: 25px !important;}&#8221;]Hareket halindeki \u015fehrin de\u011fi\u015fen yans\u0131malar\u0131, kalabal\u0131\u011f\u0131n \u00e7ekicili\u011fi, kent ya\u015fam\u0131n\u0131n katmanlar\u0131; binalar, sokaklar ve insanlar\u2026 Bir \u015fehir gezgininin mek\u00e2nlar ve kitleler kar\u015f\u0131s\u0131ndaki ki\u015fisel inceleme ve yorumlar\u0131\u2026 Zeynep Bing\u00f6l \u00c7ift\u00e7i\u2019nin ressam bak\u0131\u015f a\u00e7\u0131s\u0131yla olu\u015fturdu\u011fu foto kolajlar\u0131nda bir mek\u00e2n\u0131n g\u00f6rselinden ziyade, o mek\u00e2n hakk\u0131nda izleyicinin his ve izlenimlerinin tekrar uyanmas\u0131na yol a\u00e7acak kompozisyonlar kar\u015f\u0131m\u0131za \u00e7\u0131k\u0131yor. \u015eehre dair t\u00fcm renkler, dokular ve g\u00fcndelik ya\u015fam bi\u00e7imleri katmanlar halinde i\u00e7 i\u00e7e ge\u00e7iyor. Boya dokusuyla birle\u015fen foto\u011fraflar, kentte ge\u00e7ip giden ki\u015finin belle\u011findeki g\u00f6r\u00fcnt\u00fcleri de\u011fil, sadece onun bireysel olarak ya\u015fad\u0131\u011f\u0131 tad\u0131 dondurma \u00e7abas\u0131nda.<\/p>\n<p>&#8230;&#8230;&#8230;&#8230;&#8230;&#8230;&#8230;&#8230;&#8230;&#8230;&#8230;&#8230;&#8230;&#8230;&#8230;&#8230;&#8230;&#8230;&#8230;&#8230;&#8230;&#8230;..<\/p>\n<p>The changing reflections of a city on the move, the allure of crowds, layers of the city life; buildings, streets and people\u2026 The personal observations and interpretations of a fl\u00e2neur on different locations and crowds\u2026 In the meticulously put together photo collages of the painter Zeynep Bing\u00f6l \u00c7ift\u00e7i, we are encountered with compositions that cause reawakening of emotions and impressions of the viewer, rather than a precise image of a location. All there is to the city; colors, patterns, everyday lifestyles, are telescoped in layers. The photographs converging with textures of paint are an attempt not of capturing the preciseness of images in the sightseers\u2019 mind, but of an attempt to freeze the individual taste extracted from that experience.<\/p>\n<p>Sal\u0131 &#8211; Cuma 11.00 &#8211; 18.00<br \/>\nCumartesi 11.00 &#8211; 19.00[\/vc_column_text][\/vc_column][\/vc_row]<\/p>\n","protected":false},"excerpt":{"rendered":"<p>[vc_row][vc_column][vc_custom_heading text=&#8221;Zeynep Bing\u00f6l \u00c7ift\u00e7i&#8221; font_container=&#8221;tag:h2|text_align:left|color:%23cf2065&#8243; use_theme_fonts=&#8221;yes&#8221;][\/vc_column][\/vc_row][vc_row][vc_column][vc_column_text css=&#8221;.vc_custom_1578355724906{margin-top: 25px !important;}&#8221;]Hareket halindeki \u015fehrin de\u011fi\u015fen yans\u0131malar\u0131, kalabal\u0131\u011f\u0131n \u00e7ekicili\u011fi, kent ya\u015fam\u0131n\u0131n katmanlar\u0131; binalar, sokaklar [&hellip;]<\/p>\n","protected":false},"author":2,"featured_media":0,"parent":0,"menu_order":0,"comment_status":"closed","ping_status":"closed","template":"","meta":[],"_links":{"self":[{"href":"https:\/\/dairesanat.com\/index.php\/wp-json\/wp\/v2\/pages\/424"}],"collection":[{"href":"https:\/\/dairesanat.com\/index.php\/wp-json\/wp\/v2\/pages"}],"about":[{"href":"https:\/\/dairesanat.com\/index.php\/wp-json\/wp\/v2\/types\/page"}],"author":[{"embeddable":true,"href":"https:\/\/dairesanat.com\/index.php\/wp-json\/wp\/v2\/users\/2"}],"replies":[{"embeddable":true,"href":"https:\/\/dairesanat.com\/index.php\/wp-json\/wp\/v2\/comments?post=424"}],"version-history":[{"count":2,"href":"https:\/\/dairesanat.com\/index.php\/wp-json\/wp\/v2\/pages\/424\/revisions"}],"predecessor-version":[{"id":426,"href":"https:\/\/dairesanat.com\/index.php\/wp-json\/wp\/v2\/pages\/424\/revisions\/426"}],"wp:attachment":[{"href":"https:\/\/dairesanat.com\/index.php\/wp-json\/wp\/v2\/media?parent=424"}],"curies":[{"name":"wp","href":"https:\/\/api.w.org\/{rel}","templated":true}]}}