{"id":409,"date":"2020-01-06T23:57:55","date_gmt":"2020-01-06T23:57:55","guid":{"rendered":"http:\/\/dairesanat.com\/?page_id=409"},"modified":"2020-01-07T00:00:29","modified_gmt":"2020-01-07T00:00:29","slug":"ragip-basmazolmez","status":"publish","type":"page","link":"https:\/\/dairesanat.com\/index.php\/ragip-basmazolmez\/","title":{"rendered":"Rag\u0131p Basmaz\u00f6lmez"},"content":{"rendered":"<p>[vc_row][vc_column][vc_custom_heading text=&#8221;Rag\u0131p Basmaz\u00f6lmez&#8221; font_container=&#8221;tag:h2|text_align:left|color:%23cf2065&#8243; use_theme_fonts=&#8221;yes&#8221;][\/vc_column][\/vc_row][vc_row][vc_column][vc_column_text css=&#8221;.vc_custom_1578355223827{margin-top: 25px !important;}&#8221;]<\/p>\n<h1>\nE\u015fik \/ Threshold<\/h1>\n<p>&nbsp;<\/p>\n<p><img decoding=\"async\" loading=\"lazy\" class=\"alignnone size-full wp-image-411\" src=\"http:\/\/dairesanat.com\/wp-content\/uploads\/2020\/01\/shanty_house-revised_version.jpg\" alt=\"\" width=\"323\" height=\"500\" srcset=\"https:\/\/dairesanat.com\/wp-content\/uploads\/2020\/01\/shanty_house-revised_version.jpg 323w, https:\/\/dairesanat.com\/wp-content\/uploads\/2020\/01\/shanty_house-revised_version-194x300.jpg 194w\" sizes=\"(max-width: 323px) 100vw, 323px\" \/><\/p>\n<p>&nbsp;<\/p>\n<p>14 Ekim Oct &#8211; 20 Kas\u0131m Nov 2011<br \/>\nDaire, 14 Ekim \u2013 20 Kas\u0131m tarihlerinde Rag\u0131p Basmaz\u00f6lmez&#8217;in \u201cE\u015fik\u201d isimli ki\u015fisel sergisine ev sahipli\u011fi yap\u0131yor.<\/p>\n<p>\u00c7al\u0131\u015fmalar\u0131nda a\u011f\u0131rl\u0131kl\u0131 olarak geleneksel basma kuma\u015f\u0131n\u0131 kullanarak \u00e7e\u015fitli sanatsal \u00f6neriler olu\u015fturan Rag\u0131p Basmaz\u00f6lmez, genellikle, k\u00f6yden kente i\u00e7 g\u00f6\u00e7, kentle\u015fme, yabanc\u0131la\u015fma, k\u00fclt\u00fcrel aidiyet ve modernle\u015fme gibi kavramlara g\u00f6ndermeler yapar. Kendisi de bu i\u00e7 g\u00f6\u00e7\u00fcn bir par\u00e7as\u0131 olan sanat\u00e7\u0131n\u0131n yap\u0131tlar\u0131nda, g\u00f6\u00e7 ve sonras\u0131nda kentlerde olu\u015fan kaotik yap\u0131n\u0131n ortaya \u00e7\u0131kard\u0131\u011f\u0131 farkl\u0131 d\u0131\u015favurumlar\u0131n bir yans\u0131mas\u0131n\u0131 g\u00f6rmek m\u00fcmk\u00fcnd\u00fcr.<\/p>\n<p>Sanat\u00e7\u0131 multi-disipliner bir bak\u0131\u015f a\u00e7\u0131s\u0131yla, t\u00fcm bu imgelerin bir sentezi niteli\u011finde olu\u015fturaca\u011f\u0131 \u201cE\u015fik\u201d isimli ki\u015fisel sergisinde, e\u015fi\u011fin, Anadolu k\u00fclt\u00fcr\u00fcn de imgesel anlamda edindi\u011fi yer ve bu imgenin \u2018e\u015fi\u011fi ge\u00e7mi\u015f\u2019 olan insanlar i\u00e7in \u00f6nemini bizlere g\u00f6stermek istemektedir. E\u015fik t\u0131pk\u0131 \u201cOcak\u201d, \u201cDirek\u201d gibi Anadolu k\u00fclt\u00fcr\u00fcnde ya\u015fam alanlar\u0131n\u0131n kutsal say\u0131lan mek\u00e2nlar\u0131ndan biridir. E\u015fik bas\u0131lmas\u0131, \u00fczerine oturulmas\u0131 g\u00fcnah; girerken veya \u00e7\u0131karken besmele veya dua yap\u0131lan bir mek\u00e2nd\u0131r. Sanat\u00e7\u0131ya g\u00f6re, biz her ne kadar bug\u00fcn ya\u015fam bi\u00e7imimizde \u00e7ok fazla g\u00f6zlemleyemesek de, bu inan\u00e7 \u015fekli hala \u00f6nemini korumakta ve s\u00fcre\u011fenli\u011fini devam ettirmektedir. B\u00fcy\u00fck \u015fehirlere ba\u015flayan i\u00e7 g\u00f6\u00e7 s\u00fcreci bu a\u00e7\u0131dan bak\u0131ld\u0131\u011f\u0131nda dikkat \u00e7ekicidir \u00e7\u00fcnk\u00fc art\u0131k kutsal olan o baba oca\u011f\u0131n\u0131n e\u015fi\u011fi \u00e7i\u011fnenmi\u015f ve ge\u00e7ilmi\u015ftir. Sonras\u0131nda e\u015fi\u011fin \u00f6neminin de\u011fi\u015ferek kaybedilece\u011fi ba\u015fka bir s\u00fcrecin de ba\u015flang\u0131c\u0131d\u0131r bu asl\u0131nda. \u0130\u015fte bu s\u00fcre\u00e7 i\u00e7erisinde de\u011fi\u015fen kimlikler ve ortaya \u00e7\u0131kan yeni k\u00fclt\u00fcrel olu\u015fum her ne kadar aidiyetini yitirmi\u015f ve ba\u015fkala\u015fm\u0131\u015f gibi g\u00f6r\u00fcnse de asl\u0131nda ana eksenine \u00e7ok g\u00fc\u00e7l\u00fc ba\u011flarla kenetlidir. O nedenle biz bu noktada e\u015fi\u011fin imgesel anlamda asl\u0131nda tam olarak ge\u00e7ilemedi\u011fini d\u00fc\u015f\u00fcnebiliriz. Ku\u015fkusuz g\u00f6\u00e7 eden insanlar\u0131n tutunduklar\u0131 eksen e\u015fi\u011fin i\u00e7erisinde yer alan ata oca\u011f\u0131d\u0131r. Burada e\u015fi\u011fin her iki yan\u0131 da bu insanlar i\u00e7in \u00f6nem kazanmaktad\u0131r. Onlar kimi zaman e\u015fi\u011fin d\u0131\u015f\u0131nda kimi zamansa e\u015fi\u011fin i\u00e7erisinde yer almak zorundad\u0131rlar. Bu devinimsel s\u00fcre\u00e7lerde art\u0131k e\u015fi\u011fin her iki yan\u0131na da yabanc\u0131d\u0131rlar\u2026<\/p>\n<p>\u201cE\u015fik\u201d,14 Ekim \u2013 20 Kas\u0131m tarihlerinde, sal\u0131 \u2013 cumartesi 11.00 \u2013 19.00 aras\u0131 Daire\u2019de g\u00f6r\u00fclebilir.<\/p>\n<p>Yer: DA\u0130RE<br \/>\nSergi: \u201cE\u015fik\u201d<br \/>\nSanat\u00e7\u0131: Rag\u0131p Bamaz\u00f6lmez<\/p>\n<p>A\u00e7\u0131l\u0131\u015f: 14 Ekim 2011 Cuma @ 18.00<br \/>\nAdres: Bo\u011fazkesen Cad No:65D Tophane 34433 Beyo\u011flu \u0130stanbul<br \/>\nTel: 0 212 252 52 59[\/vc_column_text][\/vc_column][\/vc_row]<\/p>\n","protected":false},"excerpt":{"rendered":"<p>[vc_row][vc_column][vc_custom_heading text=&#8221;Rag\u0131p Basmaz\u00f6lmez&#8221; font_container=&#8221;tag:h2|text_align:left|color:%23cf2065&#8243; use_theme_fonts=&#8221;yes&#8221;][\/vc_column][\/vc_row][vc_row][vc_column][vc_column_text css=&#8221;.vc_custom_1578355223827{margin-top: 25px !important;}&#8221;] E\u015fik \/ Threshold &nbsp; &nbsp; 14 Ekim Oct &#8211; 20 Kas\u0131m Nov [&hellip;]<\/p>\n","protected":false},"author":2,"featured_media":0,"parent":0,"menu_order":0,"comment_status":"closed","ping_status":"closed","template":"","meta":[],"_links":{"self":[{"href":"https:\/\/dairesanat.com\/index.php\/wp-json\/wp\/v2\/pages\/409"}],"collection":[{"href":"https:\/\/dairesanat.com\/index.php\/wp-json\/wp\/v2\/pages"}],"about":[{"href":"https:\/\/dairesanat.com\/index.php\/wp-json\/wp\/v2\/types\/page"}],"author":[{"embeddable":true,"href":"https:\/\/dairesanat.com\/index.php\/wp-json\/wp\/v2\/users\/2"}],"replies":[{"embeddable":true,"href":"https:\/\/dairesanat.com\/index.php\/wp-json\/wp\/v2\/comments?post=409"}],"version-history":[{"count":2,"href":"https:\/\/dairesanat.com\/index.php\/wp-json\/wp\/v2\/pages\/409\/revisions"}],"predecessor-version":[{"id":412,"href":"https:\/\/dairesanat.com\/index.php\/wp-json\/wp\/v2\/pages\/409\/revisions\/412"}],"wp:attachment":[{"href":"https:\/\/dairesanat.com\/index.php\/wp-json\/wp\/v2\/media?parent=409"}],"curies":[{"name":"wp","href":"https:\/\/api.w.org\/{rel}","templated":true}]}}