{"id":404,"date":"2020-01-06T23:54:49","date_gmt":"2020-01-06T23:54:49","guid":{"rendered":"http:\/\/dairesanat.com\/?page_id=404"},"modified":"2020-01-06T23:56:26","modified_gmt":"2020-01-06T23:56:26","slug":"ozgul-arslan","status":"publish","type":"page","link":"https:\/\/dairesanat.com\/index.php\/ozgul-arslan\/","title":{"rendered":"\u00d6zg\u00fcl Arslan"},"content":{"rendered":"<p>[vc_row][vc_column][vc_custom_heading text=&#8221;\u00d6zg\u00fcl Arslan&#8221; font_container=&#8221;tag:h2|text_align:left|color:%23cf2065&#8243; use_theme_fonts=&#8221;yes&#8221;][\/vc_column][\/vc_row][vc_row][vc_column][vc_column_text css=&#8221;.vc_custom_1578354987917{margin-top: 25px !important;}&#8221;]<\/p>\n<h2>Silik \u0130zler \/ <em>Erased Traces<\/em><\/h2>\n<p>&nbsp;<\/p>\n<p><img decoding=\"async\" loading=\"lazy\" class=\"size-full wp-image-406\" src=\"http:\/\/dairesanat.com\/wp-content\/uploads\/2020\/01\/zgl_Arslan-sergi_grseli-web.jpg\" alt=\"\" width=\"600\" height=\"520\" srcset=\"https:\/\/dairesanat.com\/wp-content\/uploads\/2020\/01\/zgl_Arslan-sergi_grseli-web.jpg 600w, https:\/\/dairesanat.com\/wp-content\/uploads\/2020\/01\/zgl_Arslan-sergi_grseli-web-300x260.jpg 300w\" sizes=\"(max-width: 600px) 100vw, 600px\" \/><\/p>\n<h3>9 \u015eubat\u00a0<em>Feb<\/em>\u00a0&#8211; 10 Mart\u00a0<em>Mar<\/em>\u00a02012<\/h3>\n<p>&nbsp;<\/p>\n<p><strong>\u00d6zg\u00fcl Arslan\u2019\u0131n resimde renk ekleme eylemini tersine \u00e7evirdi\u011fi ve \u2018silerek\u2019 olu\u015fturdu\u011fu eserler, \u201cSilik \u0130zler\u201d adl\u0131 ki\u015fisel sergisinde 9 \u015eubat \u2013 10 Mart 2012 tarihleri aras\u0131nda DA\u0130RE\u2019de izlenebilir.<\/strong><\/p>\n<p>Sosyal hayatta edinilen roller ve cinsel kimli\u011fe atfedilen sorumluluklar, nesneler, imgeler ve performanslar ya\u015fam prati\u011fini belirledi\u011fi gibi d\u00fc\u015f\u00fcnsel ve \u00fcretimsel s\u00fcreci de \u015fekillendirir. \u00dcretim s\u00fcrecindeki sanat\u00e7\u0131 kimli\u011fi di\u011fer kimliklerle yer yer paralellik g\u00f6sterirken bir yandan da \u00e7eli\u015fkilere, \u00e7at\u0131\u015fmalara sebebiyet verir.<\/p>\n<p>\u0130\u00e7 mekan\u0131 temizlemek, toparlamak, d\u00fczenlemek, hijyeni sa\u011flamak kad\u0131na atfedilmi\u015f eylemlerdir. \u00d6zg\u00fcl Arslan, \u201cSilik \u0130zler\u201d isimli yeni ki\u015fisel sergisinde bu eylemlerin sanattaki kar\u015f\u0131l\u0131\u011f\u0131n\u0131 sorguluyor. Bunu yaparken resim tarihinde \u00f6nemli yeri olan \u0131\u015f\u0131k-renk temalar\u0131ndan yola \u00e7\u0131k\u0131yor ve bunlar\u0131 elde ederken yap\u0131lan renk ekleme eylemini tersine \u00e7evirerek resimlerinde; boyamak yerine domestik bir aksiyon olarak atfedilen \u201csilme\u201d eylemini, boya yerine yine temizlemede ve hijyen sa\u011flamada kullan\u0131lan a\u011fart\u0131c\u0131y\u0131 kullan\u0131yor. Ge\u00e7mi\u015fe referans veren \u201cpamuklu kadife\u201d kuma\u015f \u00fczerine \u00e7al\u0131\u015ft\u0131\u011f\u0131 resimlerinde, \u0131\u015f\u0131\u011f\u0131n silicili\u011finden yararlanarak, i\u00e7 mekana s\u0131zan \u2018davetsiz misafir\u2019i, \u0131\u015f\u0131\u011f\u0131, silinen olarak belirliyor.<\/p>\n<p>\u201cSilik \u0130zler\u201d 9 \u015eubat \u2013 10 Mart 2012 tarihlerinde Sal\u0131 \u2013 Cumartesi 11.00-19.00 aras\u0131 DA\u0130RE\u2019de g\u00f6r\u00fclebilir.<\/p>\n<p>&nbsp;<\/p>\n<p>Yer: DA\u0130RE<br \/>\nSergi: \u201cSilik \u0130zler\u201d<br \/>\nSanat\u00e7\u0131: \u00d6zg\u00fcl Arslan<\/p>\n<p>A\u00e7\u0131l\u0131\u015f: 9 \u015eubat Per\u015fembe @ 18.00<br \/>\nAdres: Bo\u011fazkesen Cad No:65D Tophane 34433 Beyo\u011flu \u0130stanbul<br \/>\nTel: 0 212 252 52 59[\/vc_column_text][\/vc_column][\/vc_row]<\/p>\n","protected":false},"excerpt":{"rendered":"<p>[vc_row][vc_column][vc_custom_heading text=&#8221;\u00d6zg\u00fcl Arslan&#8221; font_container=&#8221;tag:h2|text_align:left|color:%23cf2065&#8243; use_theme_fonts=&#8221;yes&#8221;][\/vc_column][\/vc_row][vc_row][vc_column][vc_column_text css=&#8221;.vc_custom_1578354987917{margin-top: 25px !important;}&#8221;] Silik \u0130zler \/ Erased Traces &nbsp; 9 \u015eubat\u00a0Feb\u00a0&#8211; 10 Mart\u00a0Mar\u00a02012 &nbsp; \u00d6zg\u00fcl [&hellip;]<\/p>\n","protected":false},"author":2,"featured_media":0,"parent":0,"menu_order":0,"comment_status":"closed","ping_status":"closed","template":"","meta":[],"_links":{"self":[{"href":"https:\/\/dairesanat.com\/index.php\/wp-json\/wp\/v2\/pages\/404"}],"collection":[{"href":"https:\/\/dairesanat.com\/index.php\/wp-json\/wp\/v2\/pages"}],"about":[{"href":"https:\/\/dairesanat.com\/index.php\/wp-json\/wp\/v2\/types\/page"}],"author":[{"embeddable":true,"href":"https:\/\/dairesanat.com\/index.php\/wp-json\/wp\/v2\/users\/2"}],"replies":[{"embeddable":true,"href":"https:\/\/dairesanat.com\/index.php\/wp-json\/wp\/v2\/comments?post=404"}],"version-history":[{"count":2,"href":"https:\/\/dairesanat.com\/index.php\/wp-json\/wp\/v2\/pages\/404\/revisions"}],"predecessor-version":[{"id":407,"href":"https:\/\/dairesanat.com\/index.php\/wp-json\/wp\/v2\/pages\/404\/revisions\/407"}],"wp:attachment":[{"href":"https:\/\/dairesanat.com\/index.php\/wp-json\/wp\/v2\/media?parent=404"}],"curies":[{"name":"wp","href":"https:\/\/api.w.org\/{rel}","templated":true}]}}