{"id":394,"date":"2020-01-06T23:48:02","date_gmt":"2020-01-06T23:48:02","guid":{"rendered":"http:\/\/dairesanat.com\/?page_id=394"},"modified":"2020-01-06T23:50:09","modified_gmt":"2020-01-06T23:50:09","slug":"kerem-agrali","status":"publish","type":"page","link":"https:\/\/dairesanat.com\/index.php\/kerem-agrali\/","title":{"rendered":"Kerem A\u011fral\u0131"},"content":{"rendered":"<p>[vc_row][vc_column][vc_custom_heading text=&#8221;Kerem A\u011fral\u0131&#8221; font_container=&#8221;tag:h2|text_align:left|color:%23cf2065&#8243; use_theme_fonts=&#8221;yes&#8221;][\/vc_column][\/vc_row][vc_row][vc_column][vc_column_text css=&#8221;.vc_custom_1578354610977{margin-top: 25px !important;}&#8221;]<\/p>\n<h2>NABIZ<\/h2>\n<p>THE PULSE<\/p>\n<p>27 \u015eubat &#8211; 2 Nisan 2016<\/p>\n<p><strong>Kerem A\u011fral\u0131<\/strong><\/p>\n<p>&nbsp;<\/p>\n<div><img decoding=\"async\" loading=\"lazy\" class=\"alignnone size-full wp-image-396\" src=\"http:\/\/dairesanat.com\/wp-content\/uploads\/2020\/01\/CHR_2389_2.jpg\" alt=\"\" width=\"441\" height=\"640\" srcset=\"https:\/\/dairesanat.com\/wp-content\/uploads\/2020\/01\/CHR_2389_2.jpg 441w, https:\/\/dairesanat.com\/wp-content\/uploads\/2020\/01\/CHR_2389_2-207x300.jpg 207w\" sizes=\"(max-width: 441px) 100vw, 441px\" \/><\/div>\n<p>&nbsp;<\/p>\n<div>\n<div>Kerem A\u011fral\u0131 son iki y\u0131ld\u0131r \u00fczerinde \u00e7al\u0131\u015ft\u0131\u011f\u0131, farkl\u0131 teknikte \u00e7al\u0131\u015fmalar\u0131n\u0131 i\u00e7eren \u2018Nab\u0131z\u2019 isimli serisi ile 27 \u015eubat- 2 Nisan tarihleri aras\u0131nda Daire Galeri\u2019de izleyici ile bulu\u015fuyor.<\/div>\n<div><\/div>\n<div>Sergide sanat\u00e7\u0131n\u0131n desenleri, tuval, ah\u015fap ve al\u00fcminyum \u00fczeri \u00e7al\u0131\u015fmalar\u0131 ve bir heykeli yer al\u0131yor. Kerem A\u011fral\u0131\u2019n\u0131n \u00e7al\u0131\u015fmalar\u0131, ilk bak\u0131\u015fta \u00e7e\u015fitli \u00f6yk\u00fclerle \u00f6r\u00fcl\u00fc bir \u2018kurgu\u2019 izlenimi b\u0131rak\u0131yor. Ancak izleyici \u00e7al\u0131\u015fmalar\u0131 dikkatle inceledi\u011finde b\u00fct\u00fcn bir kurgudan uzakla\u015farak kendini birbirinden ba\u011f\u0131ms\u0131z \u00e7ok say\u0131da hikayenin i\u00e7inde buluyor. Zaman, mekan ve malzeme kar\u015f\u0131tl\u0131klar\u0131 ise sergide dikkat \u00e7eken bir di\u011fer konu. Kerem A\u011fral\u0131\u2019n\u0131n \u00e7al\u0131\u015fmalar\u0131, bar\u0131nd\u0131rd\u0131\u011f\u0131 bu kar\u015f\u0131tl\u0131klar\u0131n \u00e7\u00f6z\u00fcm\u00fc i\u00e7in izleyiciyi uzun s\u00fcrecek bir deneyimlemeye davet ediyor.<\/div>\n<div>Ger\u00e7ekte var olmayan mekanlar\u0131n \u00f6nce sanat\u00e7\u0131n\u0131n zihninde belirerek daha sonra sanat arac\u0131l\u0131\u011f\u0131yla izleyiciye aktar\u0131ld\u0131\u011f\u0131 sergide g\u00f6rmeye al\u0131\u015fageldi\u011fimiz cisim ve nesnelerin ise sanat\u00e7\u0131n\u0131n kompozisyonunda \u00e7ok farkl\u0131 roller te\u015fkil etti\u011fini g\u00f6r\u00fcyoruz.<\/div>\n<div><\/div>\n<div>Ya\u015fam\u0131n ilk ba\u015flang\u0131c\u0131ndan bug\u00fcne kadar biriken bir nevi evrensel bilginin gen yoluyla her birimize bah\u015fedildi\u011fini vurgulayan sanat\u00e7\u0131 i\u00e7in k\u0131rm\u0131z\u0131 rengin ayr\u0131 bir \u00f6nemi var. Hayat\u0131n ba\u015flang\u0131c\u0131 olan kan\u0131n rengi olan k\u0131rm\u0131z\u0131y\u0131 sanat\u00e7\u0131 s\u0131kl\u0131kla bu ya\u015famsal g\u00fc\u00e7 yoluyla bizlere aktar\u0131lan bilginin temsili olarak eserlerinde kullan\u0131yor. Ali \u015eim\u015fek sanat\u00e7\u0131n\u0131n bu vurgusunu \u015fu s\u00f6zleri ile ifade ediyor:<\/div>\n<div><\/div>\n<div>\u201c<em>K\u0131rm\u0131z\u0131 bir \u00e7eyiz sand\u0131\u011f\u0131ndan servis edilen \u00e7irkin y\u00fcrek tam da Nab\u0131z\u2019\u0131n bo\u011fuldu\u011fu bir kafese d\u00f6n\u00fc\u015f\u00fcyor. Koltuk hep var Nab\u0131z resimlerinde\u2026 \u0130ktidar, bo\u015f zaman ve tembelli\u011fin ve de s\u00f6m\u00fcr\u00fcn\u00fcn tarihsel nesnesi. En \u00e7ok arzulanan mobilya! Mekanikle\u015fmi\u015f bir elden tutulan anahtar belki bu\u2026. Tutsakl\u0131\u011f\u0131n ya da umudun kilidi; bunu ya\u015fananlar g\u00f6sterecek.<\/em>\u201d<\/div>\n<div><\/div>\n<div>NABIZ 27 \u015eubat \u2013 2 Nisan tarihleri aras\u0131nda Sal\u0131-Cumartesi 11:00 \u201319:00 saatleri aras\u0131nda Daire Galeri\u2019de izlenebilir.<\/div>\n<\/div>\n<p>[\/vc_column_text][\/vc_column][\/vc_row]<\/p>\n","protected":false},"excerpt":{"rendered":"<p>[vc_row][vc_column][vc_custom_heading text=&#8221;Kerem A\u011fral\u0131&#8221; font_container=&#8221;tag:h2|text_align:left|color:%23cf2065&#8243; use_theme_fonts=&#8221;yes&#8221;][\/vc_column][\/vc_row][vc_row][vc_column][vc_column_text css=&#8221;.vc_custom_1578354610977{margin-top: 25px !important;}&#8221;] NABIZ THE PULSE 27 \u015eubat &#8211; 2 Nisan 2016 Kerem A\u011fral\u0131 &nbsp; [&hellip;]<\/p>\n","protected":false},"author":2,"featured_media":0,"parent":0,"menu_order":0,"comment_status":"closed","ping_status":"closed","template":"","meta":[],"_links":{"self":[{"href":"https:\/\/dairesanat.com\/index.php\/wp-json\/wp\/v2\/pages\/394"}],"collection":[{"href":"https:\/\/dairesanat.com\/index.php\/wp-json\/wp\/v2\/pages"}],"about":[{"href":"https:\/\/dairesanat.com\/index.php\/wp-json\/wp\/v2\/types\/page"}],"author":[{"embeddable":true,"href":"https:\/\/dairesanat.com\/index.php\/wp-json\/wp\/v2\/users\/2"}],"replies":[{"embeddable":true,"href":"https:\/\/dairesanat.com\/index.php\/wp-json\/wp\/v2\/comments?post=394"}],"version-history":[{"count":2,"href":"https:\/\/dairesanat.com\/index.php\/wp-json\/wp\/v2\/pages\/394\/revisions"}],"predecessor-version":[{"id":397,"href":"https:\/\/dairesanat.com\/index.php\/wp-json\/wp\/v2\/pages\/394\/revisions\/397"}],"wp:attachment":[{"href":"https:\/\/dairesanat.com\/index.php\/wp-json\/wp\/v2\/media?parent=394"}],"curies":[{"name":"wp","href":"https:\/\/api.w.org\/{rel}","templated":true}]}}