{"id":389,"date":"2020-01-06T23:44:43","date_gmt":"2020-01-06T23:44:43","guid":{"rendered":"http:\/\/dairesanat.com\/?page_id=389"},"modified":"2020-01-06T23:47:40","modified_gmt":"2020-01-06T23:47:40","slug":"hakan-dagdelen","status":"publish","type":"page","link":"https:\/\/dairesanat.com\/index.php\/hakan-dagdelen\/","title":{"rendered":"Hakan Da\u011fdelen"},"content":{"rendered":"<p>[vc_row][vc_column][vc_custom_heading text=&#8221;Hakan Da\u011fdelen&#8221; font_container=&#8221;tag:h2|text_align:left|color:%23cf2065&#8243; use_theme_fonts=&#8221;yes&#8221;][\/vc_column][\/vc_row][vc_row][vc_column][vc_column_text css=&#8221;.vc_custom_1578354396299{margin-top: 25px !important;}&#8221;]<\/p>\n<h2>Bu Y\u00fczeyler\u00a0<em>These Surfaces<\/em><\/h2>\n<p>HAKAN DA\u011eDELEN<\/p>\n<p><img decoding=\"async\" loading=\"lazy\" class=\"alignnone size-full wp-image-391\" src=\"http:\/\/dairesanat.com\/wp-content\/uploads\/2020\/01\/hakan.jpg\" alt=\"\" width=\"1250\" height=\"860\" srcset=\"https:\/\/dairesanat.com\/wp-content\/uploads\/2020\/01\/hakan.jpg 1250w, https:\/\/dairesanat.com\/wp-content\/uploads\/2020\/01\/hakan-300x206.jpg 300w, https:\/\/dairesanat.com\/wp-content\/uploads\/2020\/01\/hakan-768x528.jpg 768w, https:\/\/dairesanat.com\/wp-content\/uploads\/2020\/01\/hakan-1024x705.jpg 1024w\" sizes=\"(max-width: 1250px) 100vw, 1250px\" \/><\/p>\n<p>&nbsp;<\/p>\n<p>1 \u015eubat\u00a0Feb\u00a0\/\u00a0 2 Mart \u00a0Mar\u00a02013<\/p>\n<p>Daire Galeri, 1 \u015eubat \u2013 2 Mart 2013 tarihleri aras\u0131nda, Hakan Da\u011fdelen\u2019in \u201cBu Y\u00fczeyler\u201d isimli foto\u011fraf sergisine ev sahipli\u011fi yap\u0131yor.<\/p>\n<p>Hakan Da\u011fdelen, \u201cBu Y\u00fczeyler\u201d isimli foto\u011fraf serisinde, insan, makine, makinele\u015fen insan, modernle\u015fme, teknoloji gibi kavramlar\u0131 soyut bir bi\u00e7imde ele al\u0131yor. Foto\u011fraflar\u0131nda organik ve inorganik formlar\u0131 z\u0131tl\u0131klar i\u00e7inde kullanarak g\u00f6rsel imgelerini in\u015fac\u0131 ve yap\u0131 bozumcu bir anlay\u0131\u015fla sunuyor.<\/p>\n<p>Adeta yer\u00e7ekimsiz bir alanda, yeni bir zaman ve mekan alg\u0131s\u0131 yaratmaya \u00e7al\u0131\u015f\u0131rken, \u00fcretimlerinde foto\u011fraf, resim, heykel, yerle\u015ftirme gibi plastik sanatlar ve hareket tiyatrosu, modern dans gibi performans sanatlar\u0131 alanlar\u0131ndan yararlan\u0131yor.<\/p>\n<p>Sanat\u00e7\u0131n\u0131n mekan\u0131 ve bedeni tan\u0131mlamak i\u00e7in kulland\u0131\u011f\u0131 kuma\u015flar, ka\u011f\u0131tlar, \u00e7e\u015fitli organik ve inorganik nesneler foto\u011fraflar\u0131n dura\u011fanl\u0131\u011f\u0131na hareket kat\u0131yor. Da\u011fdelen, iki boyutlu foto\u011fraf ka\u011f\u0131d\u0131n\u0131 bir \u00e7amur, bir ta\u015f gibi i\u015fliyor ve d\u00fczenliyor -bir nevi, kendi kurgu \u2018d\u00fcnya\u2019s\u0131n\u0131 in\u015fa ediyor. Kendi haz\u0131rlad\u0131\u011f\u0131 kost\u00fcmlerini de, mekanla b\u00fct\u00fcnle\u015ftirerek, mekan\u0131 ve bedeni d\u00f6n\u00fc\u015ft\u00fcr\u00fcc\u00fc bir eleman olarak kullan\u0131yor.<\/p>\n<p>\u201cBu foto\u011fraflar\u0131n nefesini &#8221;ruh so\u011fumas\u0131 &#8221; olarak tarif edebilirim.\u201d Hakan Da\u011fdelen<\/p>\n<p>\u201cBu Y\u00fczeyler\u201d, 1 \u015eubat \u2013 2 Mart 2013 tarihlerinde Sal\u0131-Cumartesi g\u00fcnleri 11.00 \u2013 18.30 saatleri aras\u0131nda Daire Galeri&#8217;de g\u00f6r\u00fclebilir.<\/p>\n<p>A\u00e7\u0131l\u0131\u015f: 1 \u015eubat, 18.00<\/p>\n<p>Adres: Bo\u011fazkesen Caddesi No:65D\u00a0 Tophane 34433 Beyo\u011flu \/ \u0130stanbul<br \/>\nT: 0212 252 52 59[\/vc_column_text][\/vc_column][\/vc_row]<\/p>\n","protected":false},"excerpt":{"rendered":"<p>[vc_row][vc_column][vc_custom_heading text=&#8221;Hakan Da\u011fdelen&#8221; font_container=&#8221;tag:h2|text_align:left|color:%23cf2065&#8243; use_theme_fonts=&#8221;yes&#8221;][\/vc_column][\/vc_row][vc_row][vc_column][vc_column_text css=&#8221;.vc_custom_1578354396299{margin-top: 25px !important;}&#8221;] Bu Y\u00fczeyler\u00a0These Surfaces HAKAN DA\u011eDELEN &nbsp; 1 \u015eubat\u00a0Feb\u00a0\/\u00a0 2 Mart \u00a0Mar\u00a02013 Daire [&hellip;]<\/p>\n","protected":false},"author":2,"featured_media":0,"parent":0,"menu_order":0,"comment_status":"closed","ping_status":"closed","template":"","meta":[],"_links":{"self":[{"href":"https:\/\/dairesanat.com\/index.php\/wp-json\/wp\/v2\/pages\/389"}],"collection":[{"href":"https:\/\/dairesanat.com\/index.php\/wp-json\/wp\/v2\/pages"}],"about":[{"href":"https:\/\/dairesanat.com\/index.php\/wp-json\/wp\/v2\/types\/page"}],"author":[{"embeddable":true,"href":"https:\/\/dairesanat.com\/index.php\/wp-json\/wp\/v2\/users\/2"}],"replies":[{"embeddable":true,"href":"https:\/\/dairesanat.com\/index.php\/wp-json\/wp\/v2\/comments?post=389"}],"version-history":[{"count":2,"href":"https:\/\/dairesanat.com\/index.php\/wp-json\/wp\/v2\/pages\/389\/revisions"}],"predecessor-version":[{"id":393,"href":"https:\/\/dairesanat.com\/index.php\/wp-json\/wp\/v2\/pages\/389\/revisions\/393"}],"wp:attachment":[{"href":"https:\/\/dairesanat.com\/index.php\/wp-json\/wp\/v2\/media?parent=389"}],"curies":[{"name":"wp","href":"https:\/\/api.w.org\/{rel}","templated":true}]}}