{"id":377,"date":"2020-01-06T23:30:06","date_gmt":"2020-01-06T23:30:06","guid":{"rendered":"http:\/\/dairesanat.com\/?page_id=377"},"modified":"2020-01-06T23:32:48","modified_gmt":"2020-01-06T23:32:48","slug":"gul-ilgaz","status":"publish","type":"page","link":"https:\/\/dairesanat.com\/index.php\/gul-ilgaz\/","title":{"rendered":"G\u00fcl Ilgaz"},"content":{"rendered":"<p>[vc_row][vc_column][vc_custom_heading text=&#8221;G\u00fcl Ilgaz&#8221; font_container=&#8221;tag:h2|text_align:left|color:%23cf2065&#8243; use_theme_fonts=&#8221;yes&#8221;][\/vc_column][\/vc_row][vc_row][vc_column][vc_column_text css=&#8221;.vc_custom_1578353565791{margin-top: 25px !important;}&#8221;]<\/p>\n<h2>HAVA KARARMADAN&#8230;\u00a0 \/\u00a0 <em>Before It Gets Dark&#8230;<\/em><\/h2>\n<h3>10\u00a0Mart\u00a0<em>Mar<\/em>\u00a0&#8211;\u00a09 Nisan\u00a0<em>Apr<\/em>\u00a02011<\/h3>\n<p>&nbsp;<\/p>\n<h3><img decoding=\"async\" loading=\"lazy\" class=\"alignnone size-full wp-image-379\" src=\"http:\/\/dairesanat.com\/wp-content\/uploads\/2020\/01\/ayweb.jpg\" alt=\"\" width=\"600\" height=\"287\" srcset=\"https:\/\/dairesanat.com\/wp-content\/uploads\/2020\/01\/ayweb.jpg 600w, https:\/\/dairesanat.com\/wp-content\/uploads\/2020\/01\/ayweb-300x144.jpg 300w\" sizes=\"(max-width: 600px) 100vw, 600px\" \/><\/h3>\n<p>&nbsp;<\/p>\n<p><strong>50. Venedik Bienali&#8217;nde T\u00fcrkiye\u2019yi temsil eden ve 1990&#8217;l\u0131 y\u0131llar\u0131n ba\u015f\u0131ndan bu yana \u0130stanbul g\u00fcncel sanat ortam\u0131n\u0131n yan\u0131 s\u0131ra Berlin, Hamburg ve Londra gibi sanat metropollerinde kat\u0131ld\u0131\u011f\u0131 sergilerle ad\u0131ndan s\u00f6z ettiren G\u00fcl Ilgaz\u2019\u0131n ikinci ki\u015fisel sergisi 10 Mart &#8211; 09 Nisan aras\u0131nda Daire Sanat&#8217;da izleyici ile bulu\u015fuyor.<\/strong><\/p>\n<p>Sanat\u00e7\u0131,\u00a0<em>\u201cHava Kararmadan\u2026\u201d<\/em>\u00a0ba\u015fl\u0131kl\u0131 sergisinde \u00e7o\u011funlukla gece \u00e7ekilmi\u015f foto\u011fraf ve video \u00e7al\u0131\u015fmalar\u0131 ile kar\u015f\u0131m\u0131za \u00e7\u0131k\u0131yor.\u00a0<em>\u201cHava Kararmadan\u2026\u201d<\/em>\u00a0\u00e7o\u011fumuzun \u00e7ocuklu\u011funa ait ortak bilin\u00e7alt\u0131m\u0131zdan seslenen bir deyi\u015ftir. Karanl\u0131k; bak\u0131\u015f\u0131n ve g\u00f6r\u00fc\u015f\u00fcn k\u0131s\u0131tland\u0131\u011f\u0131 bir konum olarak hepimize ait tedirgin edici bir durumdur. Sanat\u00e7\u0131 bizi endi\u015feye sevk eden bir bekleyi\u015fi sakin bir \u015fekilde sunarken bir yandan da bu durum i\u00e7inde dahi dengeyi bulma \u00e7abam\u0131z\u0131n alt\u0131n\u0131 \u00e7iziyor. Durumun karanl\u0131\u011f\u0131 ile kendi karanl\u0131k taraflar\u0131m\u0131z aras\u0131nda gidi\u015f geli\u015fler yaratarak izleyiciyi de sorgulaman\u0131n i\u00e7ine \u00e7ekiyor. Ki\u015fisel karanl\u0131\u011f\u0131m\u0131zla ba\u015f ba\u015fa kald\u0131\u011f\u0131m\u0131zda hissetti\u011fimiz ger\u00e7eklik duygusundan, bir sanat\u00e7\u0131n\u0131n karanl\u0131k alg\u0131lamas\u0131ndaki \u0131\u015f\u0131\u011f\u0131 da g\u00f6zler \u00f6n\u00fcne seren bu sergide mekan kullan\u0131m\u0131n\u0131n sergiye katk\u0131s\u0131n\u0131 izleyeceksiniz.<\/p>\n<p><em>\u201cHava Kararmadan&#8230;\u201d<\/em>\u00a0, 10 Mart &#8211; 9 Nisan 2011 tarihlerinde Sal\u0131 &#8211; Cumartesi 11.00 &#8211; 19.00 aras\u0131 Daire Sanat&#8217;da izlenebilir.<\/p>\n<p>Yer: Daire Sanat<br \/>\nSergi:\u00a0<strong>\u201cHava Kararmadan&#8230;\u201d<\/strong><br \/>\nSanat\u00e7\u0131:\u00a0<strong>G\u00fcl ILgaz<br \/>\n<\/strong><\/p>\n<p><strong>A\u00e7\u0131l\u0131\u015f: 10\u00a0Mart 2011 Per\u015fembe @ 18.00<\/strong><br \/>\nAdres: Bo\u011fazkesen Cad No:65D Tophane 34433 Beyo\u011flu \u0130stanbul<br \/>\nTel: 0 212 252 52 59<br \/>\n<a href=\"http:\/\/www.dairesanat.com\/\" target=\"_blank\" rel=\"noopener noreferrer\">www.dairesanat.com<\/a>[\/vc_column_text][\/vc_column][\/vc_row]<\/p>\n","protected":false},"excerpt":{"rendered":"<p>[vc_row][vc_column][vc_custom_heading text=&#8221;G\u00fcl Ilgaz&#8221; font_container=&#8221;tag:h2|text_align:left|color:%23cf2065&#8243; use_theme_fonts=&#8221;yes&#8221;][\/vc_column][\/vc_row][vc_row][vc_column][vc_column_text css=&#8221;.vc_custom_1578353565791{margin-top: 25px !important;}&#8221;] HAVA KARARMADAN&#8230;\u00a0 \/\u00a0 Before It Gets Dark&#8230; 10\u00a0Mart\u00a0Mar\u00a0&#8211;\u00a09 Nisan\u00a0Apr\u00a02011 &nbsp; &nbsp; 50. [&hellip;]<\/p>\n","protected":false},"author":2,"featured_media":0,"parent":0,"menu_order":0,"comment_status":"closed","ping_status":"closed","template":"","meta":[],"_links":{"self":[{"href":"https:\/\/dairesanat.com\/index.php\/wp-json\/wp\/v2\/pages\/377"}],"collection":[{"href":"https:\/\/dairesanat.com\/index.php\/wp-json\/wp\/v2\/pages"}],"about":[{"href":"https:\/\/dairesanat.com\/index.php\/wp-json\/wp\/v2\/types\/page"}],"author":[{"embeddable":true,"href":"https:\/\/dairesanat.com\/index.php\/wp-json\/wp\/v2\/users\/2"}],"replies":[{"embeddable":true,"href":"https:\/\/dairesanat.com\/index.php\/wp-json\/wp\/v2\/comments?post=377"}],"version-history":[{"count":2,"href":"https:\/\/dairesanat.com\/index.php\/wp-json\/wp\/v2\/pages\/377\/revisions"}],"predecessor-version":[{"id":380,"href":"https:\/\/dairesanat.com\/index.php\/wp-json\/wp\/v2\/pages\/377\/revisions\/380"}],"wp:attachment":[{"href":"https:\/\/dairesanat.com\/index.php\/wp-json\/wp\/v2\/media?parent=377"}],"curies":[{"name":"wp","href":"https:\/\/api.w.org\/{rel}","templated":true}]}}