{"id":373,"date":"2020-01-06T23:25:07","date_gmt":"2020-01-06T23:25:07","guid":{"rendered":"http:\/\/dairesanat.com\/?page_id=373"},"modified":"2020-01-06T23:26:17","modified_gmt":"2020-01-06T23:26:17","slug":"firat-neziroglu","status":"publish","type":"page","link":"https:\/\/dairesanat.com\/index.php\/firat-neziroglu\/","title":{"rendered":"F\u0131rat Neziro\u011flu"},"content":{"rendered":"<p>[vc_row][vc_column][vc_custom_heading text=&#8221;F\u0131rat Neziro\u011flu&#8221; font_container=&#8221;tag:h2|text_align:left|color:%23cf2065&#8243; use_theme_fonts=&#8221;yes&#8221;][\/vc_column][\/vc_row][vc_row][vc_column][vc_column_text css=&#8221;.vc_custom_1578353178439{margin-top: 25px !important;}&#8221;]Anadolu\u2019nun en eski dili olan kilim dokuma tekni\u011fini \u00e7a\u011fda\u015f bir yorumla plastik sanatlara uyarlayan F\u0131rat Neziro\u011flu, geleneksel bir formu kendine \u00f6zg\u00fc tekni\u011fiyle d\u00f6n\u00fc\u015ft\u00fcrerek \u00e7a\u011fda\u015f sanatta yeni bir dil olu\u015fturuyor. Bu alanda ilk kez kullan\u0131lan misina malzemesi ile klasik dokuma resim gelene\u011fine farkl\u0131 bir bak\u0131\u015f a\u00e7\u0131s\u0131 kazand\u0131ran sanat\u00e7\u0131, bu son serisinde dans\u00e7\u0131lar ve ritmik jimnastik sporcular\u0131n\u0131n ya\u015famlar\u0131ndan kesitler sunuyor. Neziro\u011flu, su gibi akan fig\u00fcrlerin ger\u00e7ekte insan bedeninin s\u0131n\u0131rlar\u0131n\u0131 zorlayan azim, irade ve yo\u011fun \u00e7al\u0131\u015fmay\u0131 gerektirdi\u011fini adeta att\u0131\u011f\u0131 her ilmikte izleyiciye hat\u0131rlat\u0131yor. Sanat\u00e7\u0131, izleyicinin g\u00f6zleri \u00f6n\u00fcnden ge\u00e7ip giden bu seri artistik hareketlerdeki g\u00fc\u00e7, h\u00fcz\u00fcn ve mutluluk anlar\u0131n\u0131 misinan\u0131n \u00fczerinde akan el i\u015fi dokumalar\u0131nda sabitliyor.<\/p>\n<p>&#8230;&#8230;&#8230;&#8230;&#8230;&#8230;&#8230;&#8230;&#8230;&#8230;&#8230;&#8230;&#8230;&#8230;&#8230;&#8230;&#8230;&#8230;&#8230;&#8230;&#8230;&#8230;&#8230;&#8230;&#8230;&#8230;&#8230;&#8230;&#8230;&#8230;<\/p>\n<p>F\u0131rat Neziro\u011flu reformulates one of the oldest forms of Anatolian tradition, weaving, into plastic arts through a contemporary interpretation. The artist creates a new language in contemporary art by applying his specific technique on a traditional form. The artist contributes to the weaving tradition as we know it by using fishing line that has never been used in this area before. In this series of works, Neziro\u011flu offers a look into the lives of professional dancers and rhythmic gymnasts and reminds us that the movements of the gymnasts seemingly easily performed like water flowing in a stream, in fact require a great amount of determination, hard work and discipline.<\/p>\n<p>While emphasizing the hard work of these performers in every knot he weaves, the artist also captures the moments of strength, joy and pain on the weavings flowing through the lines.<\/p>\n<p>Sal\u0131 &#8211; Cuma 11.00 &#8211; 19.00<br \/>\nCumartesi 11.00 &#8211; 19.00[\/vc_column_text][\/vc_column][\/vc_row]<\/p>\n","protected":false},"excerpt":{"rendered":"<p>[vc_row][vc_column][vc_custom_heading text=&#8221;F\u0131rat Neziro\u011flu&#8221; font_container=&#8221;tag:h2|text_align:left|color:%23cf2065&#8243; use_theme_fonts=&#8221;yes&#8221;][\/vc_column][\/vc_row][vc_row][vc_column][vc_column_text css=&#8221;.vc_custom_1578353178439{margin-top: 25px !important;}&#8221;]Anadolu\u2019nun en eski dili olan kilim dokuma tekni\u011fini \u00e7a\u011fda\u015f bir yorumla plastik sanatlara [&hellip;]<\/p>\n","protected":false},"author":2,"featured_media":0,"parent":0,"menu_order":0,"comment_status":"closed","ping_status":"closed","template":"","meta":[],"_links":{"self":[{"href":"https:\/\/dairesanat.com\/index.php\/wp-json\/wp\/v2\/pages\/373"}],"collection":[{"href":"https:\/\/dairesanat.com\/index.php\/wp-json\/wp\/v2\/pages"}],"about":[{"href":"https:\/\/dairesanat.com\/index.php\/wp-json\/wp\/v2\/types\/page"}],"author":[{"embeddable":true,"href":"https:\/\/dairesanat.com\/index.php\/wp-json\/wp\/v2\/users\/2"}],"replies":[{"embeddable":true,"href":"https:\/\/dairesanat.com\/index.php\/wp-json\/wp\/v2\/comments?post=373"}],"version-history":[{"count":2,"href":"https:\/\/dairesanat.com\/index.php\/wp-json\/wp\/v2\/pages\/373\/revisions"}],"predecessor-version":[{"id":375,"href":"https:\/\/dairesanat.com\/index.php\/wp-json\/wp\/v2\/pages\/373\/revisions\/375"}],"wp:attachment":[{"href":"https:\/\/dairesanat.com\/index.php\/wp-json\/wp\/v2\/media?parent=373"}],"curies":[{"name":"wp","href":"https:\/\/api.w.org\/{rel}","templated":true}]}}