{"id":368,"date":"2020-01-06T23:19:33","date_gmt":"2020-01-06T23:19:33","guid":{"rendered":"http:\/\/dairesanat.com\/?page_id=368"},"modified":"2020-01-06T23:21:37","modified_gmt":"2020-01-06T23:21:37","slug":"esra-carus","status":"publish","type":"page","link":"https:\/\/dairesanat.com\/index.php\/esra-carus\/","title":{"rendered":"Esra Carus"},"content":{"rendered":"<p>[vc_row][vc_column][vc_custom_heading text=&#8221;Esra Carus&#8221; font_container=&#8221;tag:h2|text_align:left|color:%23cf2065&#8243; use_theme_fonts=&#8221;yes&#8221;][\/vc_column][\/vc_row][vc_row][vc_column][vc_column_text css=&#8221;.vc_custom_1578352899303{margin-top: 25px !important;}&#8221;]<\/p>\n<h2>G\u00d6STER ANLAT \/\u00a0 <em>Show and Tell<\/em><\/h2>\n<p>&nbsp;<\/p>\n<h3>21 Nisan\u00a0<em>Apr<\/em>\u00a0&#8211; 26 May\u0131s\u00a0<em>May<\/em>\u00a02011<\/h3>\n<p>&nbsp;<\/p>\n<h3><img decoding=\"async\" loading=\"lazy\" class=\"alignnone size-full wp-image-370\" src=\"http:\/\/dairesanat.com\/wp-content\/uploads\/2020\/01\/esra_carus_onthe_sreet_kk.jpg\" alt=\"\" width=\"600\" height=\"415\" srcset=\"https:\/\/dairesanat.com\/wp-content\/uploads\/2020\/01\/esra_carus_onthe_sreet_kk.jpg 600w, https:\/\/dairesanat.com\/wp-content\/uploads\/2020\/01\/esra_carus_onthe_sreet_kk-300x208.jpg 300w\" sizes=\"(max-width: 600px) 100vw, 600px\" \/><\/h3>\n<p>&nbsp;<\/p>\n<p><strong>Esra Carus &#8220;G\u00f6ster Anlat&#8221; isimli yeni ki\u015fisel sergisi ile 21 Nisan &#8211; 26 May\u0131s tarihlerinde Daire Sanat&#8217;ta izleyici ile bulu\u015fuyor.<\/strong><\/p>\n<p>&nbsp;<\/p>\n<p><em>&#8220;20.yy&#8217;\u0131n ilk yar\u0131s\u0131nda radyo, b\u00fct\u00fcn bir &#8220;d\u00fcnya&#8221; ile ili\u015fkilenmeyi m\u00fcmk\u00fcn k\u0131lan en \u00f6nemli teknolojik ara\u00e7lardan biriydi. Radyodaki seslerle birlikte, insanlar\u0131n g\u00fcndelik hayatlar\u0131na, kendi deneyimlerinden \u00fcremeyen \u00e7ok farkl\u0131 \u00f6zlemler ve hayaller giriyordu. &#8220;Radyo Y\u0131llar\u0131&#8221; diyebilece\u011fimiz bu d\u00f6nemi d\u00fc\u015f\u00fcnmeye \u00e7al\u0131\u015ft\u0131\u011f\u0131m\u0131zda, evin ba\u015fk\u00f6\u015fesindeki radyonun ba\u015f\u0131na toplanm\u0131\u015f aile g\u00f6r\u00fcnt\u00fcleri kadar, evden uzak bir yerde dinlenen ve yaln\u0131zl\u0131\u011fa e\u015flik eden, hatta yaln\u0131zl\u0131\u011f\u0131 m\u00fcmk\u00fcn k\u0131lan radyo imgeleri de canlan\u0131r. Radyo an\u0131lar\u0131, aynen radyo gibi uzaklar\u0131, ba\u015fka d\u00fcnyalar\u0131 yak\u0131na getirir; kimi zaman tasas\u0131z \u015fark\u0131lar\u0131, spor kar\u015f\u0131la\u015fmalar\u0131n\u0131, \u00f6yk\u00fcleri, piyesleri, kimi zaman da sava\u015f haberlerini, b\u00fcy\u00fck felaketleri ya da milli zaferleri an\u0131msatarak &#8220;i\u015fitilebilir bir ge\u00e7mi\u015f&#8221; yarat\u0131r&#8230;. &#8220;**<\/em><\/p>\n<p>**Radyonun Sihirli Tarihi, Meltem AHISKA<\/p>\n<p>Esra Carus, Woody Allen&#8217;\u0131n \u201cRadio Days\u201d adl\u0131 filminin g\u00f6rselli\u011fi \u00fczerinden, izleyiciye do\u011fulu-bat\u0131l\u0131 ya\u015fant\u0131n\u0131n tezatlar\u0131n\u0131 ve modernle\u015fme s\u00fcrecinin bireyler \u00fczerindeki izd\u00fc\u015f\u00fcmlerini sorgulat\u0131yor. Filmlerinin \u00e7o\u011funda oksidental \u00f6yk\u00fc ve kahramanlara yer veren Woody Allen bat\u0131 d\u00fcnyas\u0131nda do\u011fulu bir temsildir. Sanat\u00e7\u0131, modernle\u015fme s\u00fcrecinde aile, e\u011fitim, muhafazakarl\u0131k gibi kavramlar\u0131n nas\u0131l bi\u00e7im de\u011fi\u015ftirdi\u011fini\u00a0<strong>g\u00f6sterirken;<\/strong>\u00a0medyan\u0131n, toplum m\u00fchendisli\u011fi enstr\u00fcman\u0131 olarak nas\u0131l b\u00fcy\u00fck bir g\u00fcce sahip oldu\u011funu\u00a0<strong>anlat\u0131yor&#8230;<\/strong><\/p>\n<p>\u201cG\u00f6ster Anlat\u201d , 21 Nisan &#8211; 26 May\u0131s 2011 tarihlerinde Sal\u0131 &#8211; Cumartesi 11.00 &#8211; 19.00 aras\u0131 Daire Sanat&#8217;ta g\u00f6r\u00fclebilir.<\/p>\n<p>Yer: Daire Sanat<br \/>\nSergi:\u00a0<strong>\u201cG\u00f6ster Anlat\u201d<\/strong><br \/>\nSanat\u00e7\u0131:\u00a0<strong>Esra Carus<br \/>\n<\/strong><\/p>\n<p><strong>A\u00e7\u0131l\u0131\u015f: 21 Nisan 2011 Per\u015fembe @ 18.00<\/strong><br \/>\nAdres: Bo\u011fazkesen Cad No:65D Tophane 34433 Beyo\u011flu \u0130stanbul<br \/>\nTel:\u00a0<span class=\"skype_pnh_print_container\">0 212 252 52 59<\/span><span class=\"skype_pnh_container\" dir=\"ltr\"><span class=\"skype_pnh_mark\">\u00a0begin_of_the_skype_highlighting<\/span>\u00a0<span class=\"skype_pnh_highlighting_inactive_common\" dir=\"ltr\" title=\"Bu telefon numaras\u0131n\u0131 T\u00fcrkiye\u2019de Skype ile ara: +902122525259\"><span class=\"skype_pnh_left_span\">\u00a0\u00a0<\/span><span class=\"skype_pnh_dropart_span\" title=\"Skype eylemler\"><span class=\"skype_pnh_dropart_flag_span\">\u00a0\u00a0\u00a0\u00a0\u00a0\u00a0<\/span>\u00a0\u00a0\u00a0<\/span><span class=\"skype_pnh_textarea_span\"><span class=\"skype_pnh_text_span\">0 212 252 52 59<\/span><\/span><span class=\"skype_pnh_right_span\">\u00a0\u00a0\u00a0\u00a0\u00a0<\/span><\/span>\u00a0<span class=\"skype_pnh_mark\">end_of_the_skype_highlighting<\/span><\/span><br \/>\n<a href=\"http:\/\/www.dairesanat.com\/\" target=\"_blank\" rel=\"noopener noreferrer\">www.dairesanat.com<\/a><br \/>\n<a href=\"mailto:info@dairesanat.com\" target=\"_blank\" rel=\"noopener noreferrer\">info@dairesanat.com<\/a>[\/vc_column_text][\/vc_column][\/vc_row]<\/p>\n","protected":false},"excerpt":{"rendered":"<p>[vc_row][vc_column][vc_custom_heading text=&#8221;Esra Carus&#8221; font_container=&#8221;tag:h2|text_align:left|color:%23cf2065&#8243; use_theme_fonts=&#8221;yes&#8221;][\/vc_column][\/vc_row][vc_row][vc_column][vc_column_text css=&#8221;.vc_custom_1578352899303{margin-top: 25px !important;}&#8221;] G\u00d6STER ANLAT \/\u00a0 Show and Tell &nbsp; 21 Nisan\u00a0Apr\u00a0&#8211; 26 May\u0131s\u00a0May\u00a02011 &nbsp; [&hellip;]<\/p>\n","protected":false},"author":2,"featured_media":0,"parent":0,"menu_order":0,"comment_status":"closed","ping_status":"closed","template":"","meta":[],"_links":{"self":[{"href":"https:\/\/dairesanat.com\/index.php\/wp-json\/wp\/v2\/pages\/368"}],"collection":[{"href":"https:\/\/dairesanat.com\/index.php\/wp-json\/wp\/v2\/pages"}],"about":[{"href":"https:\/\/dairesanat.com\/index.php\/wp-json\/wp\/v2\/types\/page"}],"author":[{"embeddable":true,"href":"https:\/\/dairesanat.com\/index.php\/wp-json\/wp\/v2\/users\/2"}],"replies":[{"embeddable":true,"href":"https:\/\/dairesanat.com\/index.php\/wp-json\/wp\/v2\/comments?post=368"}],"version-history":[{"count":2,"href":"https:\/\/dairesanat.com\/index.php\/wp-json\/wp\/v2\/pages\/368\/revisions"}],"predecessor-version":[{"id":371,"href":"https:\/\/dairesanat.com\/index.php\/wp-json\/wp\/v2\/pages\/368\/revisions\/371"}],"wp:attachment":[{"href":"https:\/\/dairesanat.com\/index.php\/wp-json\/wp\/v2\/media?parent=368"}],"curies":[{"name":"wp","href":"https:\/\/api.w.org\/{rel}","templated":true}]}}