{"id":363,"date":"2020-01-06T23:15:30","date_gmt":"2020-01-06T23:15:30","guid":{"rendered":"http:\/\/dairesanat.com\/?page_id=363"},"modified":"2020-01-06T23:18:41","modified_gmt":"2020-01-06T23:18:41","slug":"esin-turan","status":"publish","type":"page","link":"https:\/\/dairesanat.com\/index.php\/esin-turan\/","title":{"rendered":"Esin Turan"},"content":{"rendered":"<p>[vc_row][vc_column][vc_custom_heading text=&#8221;Esin Turan&#8221; font_container=&#8221;tag:h2|text_align:left|color:%23cf2065&#8243; use_theme_fonts=&#8221;yes&#8221;][\/vc_column][\/vc_row][vc_row][vc_column][vc_column_text css=&#8221;.vc_custom_1578352719882{margin-top: 25px !important;}&#8221;]<\/p>\n<h2>P\u00f6tikare Hayatlar \/ <em>Petit-carr\u00e9 Lives<\/em><\/h2>\n<h3>26 Ekim &#8211; 27 Kas\u0131m 2010<\/h3>\n<p><img decoding=\"async\" loading=\"lazy\" class=\"alignnone size-full wp-image-365\" src=\"http:\/\/dairesanat.com\/wp-content\/uploads\/2020\/01\/stings-web_1.jpg\" alt=\"\" width=\"400\" height=\"400\" srcset=\"https:\/\/dairesanat.com\/wp-content\/uploads\/2020\/01\/stings-web_1.jpg 400w, https:\/\/dairesanat.com\/wp-content\/uploads\/2020\/01\/stings-web_1-150x150.jpg 150w, https:\/\/dairesanat.com\/wp-content\/uploads\/2020\/01\/stings-web_1-300x300.jpg 300w, https:\/\/dairesanat.com\/wp-content\/uploads\/2020\/01\/stings-web_1-100x100.jpg 100w\" sizes=\"(max-width: 400px) 100vw, 400px\" \/><img alt=\"\" \/><\/p>\n<p><strong>Avusturya\u2019da ya\u015fayan ve \u00e7al\u0131\u015fan T\u00fcrk sanat\u00e7\u0131 Esin Turan\u2018\u0131n T\u00fcrkiye\u2019deki ikinci ki\u015fisel sergisi \u201cP\u00f6tikare Hayatlar&#8221; adl\u0131 sergisi 26 Ekim&#8217;den itibaren DA\u0130RE Tophane&#8217;de g\u00f6r\u00fclebilir.<\/strong><\/p>\n<p>Sanat\u00e7\u0131 onuncu ki\u015fisel sergisindeki yap\u0131tlar\u0131nda, cinsellik, kad\u0131n ve kad\u0131n\u0131n rol\u00fc ile i\u00e7inde bulundugu sistemler ve bunlar\u0131n g\u00fcn\u00fcm\u00fcz toplumdaki ve tarihsel s\u00fcre\u00e7 i\u00e7indeki yans\u0131malar\u0131 \u00fczerinden toplumun dayatt\u0131\u011f\u0131 d\u00fc\u015f\u00fcnce ve g\u00f6rme bi\u00e7imlerini sorguluyor.<\/p>\n<p>\u00c7\u0131k\u0131\u015f noktas\u0131 olarak kad\u0131n haklar\u0131 hareketinin \u00f6nc\u00fclerinden biri olan Amerikal\u0131 yazar ve \u015fair Sylvia Plath\u2019\u0131 alan Esin Turan, yazar\u0131n sembolik anlat\u0131mlarla y\u00fckl\u00fc \u015fiirlerini kad\u0131n\u0131n toplumdaki rol\u00fcn\u00fc \u00e7\u00f6z\u00fcmlemede kullan\u0131yor.<\/p>\n<p>\u201cP\u00f6tikare Hayatlar\u201d , 26 Ekim &#8211; 27 Kas\u0131m 2010 tarihlerinde Sal\u0131 &#8211; Cumartesi 11.00 &#8211; 19.00 aras\u0131 DA\u0130RE Tophane&#8217;de izlenebilir.<\/p>\n<p>Yer: DA\u0130RE Tophane<br \/>\nSergi:\u00a0<strong>\u201cP\u00f6tikare Hayatlar\u201d<\/strong><br \/>\nSanat\u00e7\u0131:\u00a0<strong>Esin Turan<\/strong><\/p>\n<p><strong>A\u00e7\u0131l\u0131\u015f: 26 Ekim 2010 Sal\u0131 @19.00<\/strong><br \/>\nAdres: Bo\u011fazkesen Cad No:65D Tophane 34433 Beyo\u011flu \u0130stanbul<br \/>\nTel: 0 212 252 52 59<br \/>\n<a href=\"http:\/\/www.dairesanat.com\/\" target=\"_blank\" rel=\"noopener noreferrer\">www.dairesanat.com<\/a><br \/>\n<a href=\"mailto:info@dairesanat.com\" target=\"_blank\" rel=\"noopener noreferrer\">info@dairesanat.com<\/a>[\/vc_column_text][\/vc_column][\/vc_row]<\/p>\n","protected":false},"excerpt":{"rendered":"<p>[vc_row][vc_column][vc_custom_heading text=&#8221;Esin Turan&#8221; font_container=&#8221;tag:h2|text_align:left|color:%23cf2065&#8243; use_theme_fonts=&#8221;yes&#8221;][\/vc_column][\/vc_row][vc_row][vc_column][vc_column_text css=&#8221;.vc_custom_1578352719882{margin-top: 25px !important;}&#8221;] P\u00f6tikare Hayatlar \/ Petit-carr\u00e9 Lives 26 Ekim &#8211; 27 Kas\u0131m 2010 Avusturya\u2019da [&hellip;]<\/p>\n","protected":false},"author":2,"featured_media":0,"parent":0,"menu_order":0,"comment_status":"closed","ping_status":"closed","template":"","meta":[],"_links":{"self":[{"href":"https:\/\/dairesanat.com\/index.php\/wp-json\/wp\/v2\/pages\/363"}],"collection":[{"href":"https:\/\/dairesanat.com\/index.php\/wp-json\/wp\/v2\/pages"}],"about":[{"href":"https:\/\/dairesanat.com\/index.php\/wp-json\/wp\/v2\/types\/page"}],"author":[{"embeddable":true,"href":"https:\/\/dairesanat.com\/index.php\/wp-json\/wp\/v2\/users\/2"}],"replies":[{"embeddable":true,"href":"https:\/\/dairesanat.com\/index.php\/wp-json\/wp\/v2\/comments?post=363"}],"version-history":[{"count":2,"href":"https:\/\/dairesanat.com\/index.php\/wp-json\/wp\/v2\/pages\/363\/revisions"}],"predecessor-version":[{"id":366,"href":"https:\/\/dairesanat.com\/index.php\/wp-json\/wp\/v2\/pages\/363\/revisions\/366"}],"wp:attachment":[{"href":"https:\/\/dairesanat.com\/index.php\/wp-json\/wp\/v2\/media?parent=363"}],"curies":[{"name":"wp","href":"https:\/\/api.w.org\/{rel}","templated":true}]}}