{"id":358,"date":"2020-01-06T23:10:54","date_gmt":"2020-01-06T23:10:54","guid":{"rendered":"http:\/\/dairesanat.com\/?page_id=358"},"modified":"2020-01-06T23:14:03","modified_gmt":"2020-01-06T23:14:03","slug":"elcin-ekinci","status":"publish","type":"page","link":"https:\/\/dairesanat.com\/index.php\/elcin-ekinci\/","title":{"rendered":"El\u00e7in Ekinci"},"content":{"rendered":"<p>[vc_row][vc_column][vc_custom_heading text=&#8221;El\u00e7in Ekinci&#8221; font_container=&#8221;tag:h2|text_align:left|color:%23cf2065&#8243; use_theme_fonts=&#8221;yes&#8221;][\/vc_column][\/vc_row][vc_row][vc_column][vc_column_text css=&#8221;.vc_custom_1578352444187{margin-top: 25px !important;}&#8221;]<\/p>\n<h2>D\u00dcZEN\u0130N DO\u011eASI \/ THE NATURE OF ORDER<\/h2>\n<p>18 Aral\u0131k Dec 2013 \/ 08 \u015eubat Feb 2014<\/p>\n<p><img decoding=\"async\" loading=\"lazy\" class=\"alignnone size-full wp-image-360\" src=\"http:\/\/dairesanat.com\/wp-content\/uploads\/2020\/01\/isimsiz_2013_kar\u0131\u015f\u0131k_teknik.jpg\" alt=\"\" width=\"640\" height=\"427\" srcset=\"https:\/\/dairesanat.com\/wp-content\/uploads\/2020\/01\/isimsiz_2013_kar\u0131\u015f\u0131k_teknik.jpg 640w, https:\/\/dairesanat.com\/wp-content\/uploads\/2020\/01\/isimsiz_2013_kar\u0131\u015f\u0131k_teknik-300x200.jpg 300w\" sizes=\"(max-width: 640px) 100vw, 640px\" \/><\/p>\n<p>Daire Galeri, 18 Aral\u0131k &#8211; 08 \u015eubat tarihleri aras\u0131nda El\u00e7in Ekinci\u2019nin D\u00fczenin Do\u011fas\u0131 \/ The Nature of Order ba\u015fl\u0131kl\u0131 \u0130stanbul&#8217;daki ilk kapsaml\u0131 ki\u015fisel sergisine ev sahipli\u011fi yap\u0131yor.<\/p>\n<p>Sergi; do\u011fa ile k\u00fclt\u00fcr \u2013varolan ile tasarlanm\u0131\u015f\u2013 aras\u0131nda gidip gelen, dengelenmeye \u00e7abalayan bir ruh hali \u00fczerine kurulu.<\/p>\n<p>Ekinci, d\u00fczenin; hesaplanabilir, b\u00f6l\u00fcnebilir, rasyonelize edilebilir, denetlenebilir bir anlay\u0131\u015fla \u00f6rg\u00fctleme meselesinden yola \u00e7\u0131karak kendine ve do\u011fal olana dair bilgisini yeniden in\u015fa etmeye \u00e7abal\u0131yor. Bireyin do\u011fa ve kendi ile kurdu\u011fu ili\u015fki \u00fczerinden hen\u00fcz hi\u00e7bir \u015feyin \u201ctasarlanmad\u0131\u011f\u0131\u201d ilksel belle\u011fi ve \u201c\u00f6z\u201d\u00fc d\u00fc\u015f\u00fcnmeye davet ediyor. \u0130nsan etkinli\u011finin \u00f6nemli bir k\u0131sm\u0131 olarak \u201cenformasyonun\u201d kodlanmas\u0131 ve bu kodlar\u0131n okunmas\u0131ndan hareket ediyor. Geometrik bi\u00e7imlendirme, mimari unsurlar, \u00f6l\u00e7me, s\u0131n\u0131fland\u0131rma, do\u011fal olan\u0131n kal\u0131ba sokulmas\u0131, \u015fablonlarla tan\u0131mlamas\u0131, tasnif edilmesini mesele ediniyor ve bu niyetlerin g\u00f6r\u00fcnmez sonucu olan iktidar bi\u00e7imlerine e\u011filiyor.<\/p>\n<p>Ekinci; video, foto\u011fraf, heykel ve g\u00fcndelik objeler gibi farkl\u0131 mecra ve materyallerle \u00fcretti\u011fi i\u015fleriyle mekan\u0131 yeniden kurguluyor. Sergide, organik ve inorganik formlar ve materyaller, geometri temsili \u00fczerinden birbiriyle ba\u011flant\u0131lanabilecek \u00e7al\u0131\u015fmalar yer al\u0131yor.<\/p>\n<p>Vitrinde bizi kar\u015f\u0131layan haz\u0131r-nesne pergeller haz\u0131rlay\u0131c\u0131 bir unsur olurken i\u00e7 mekanda \u00f6zellikle temsili i\u015flev g\u00f6ren sembolik kullan\u0131mdaki geometri, \u201cBayrak\u201d i\u015finde kar\u015f\u0131m\u0131za \u00e7\u0131k\u0131yor. Zaman\u0131n \u00f6l\u00e7\u00fclendirilmesi, ritim, d\u00fczene yol a\u00e7an \u00f6l\u00e7\u00fc ve birim meselesi \u201cSkala\u201d (kinetik heykel), \u201cD\u00fczenin \u00d6l\u00e7\u00fcs\u00fc\u201d (haz\u0131r-nesne, kinetik heykel), &#8220;Bilincin Daire ve Kareleri&#8221; (video) isimli birden fazla yap\u0131tta ortaya \u00e7\u0131k\u0131yor. Temsili yap\u0131lar\u0131 bozmak-yeniden in\u015faa etme \u00fczerinden temel geometrik formlar\u0131n kullan\u0131ld\u0131\u011f\u0131,\u201d\u0130n\u015fa\u201d isimli bir dizi foto\u011fraf ve video yerle\u015ftirmesi sergide yer alan \u00e7al\u0131\u015fmalardan baz\u0131lar\u0131.<\/p>\n<p>Bioktidar, iktidar temsilleri, bilin\u00e7, bellek gibi kavram ve nosyonlar \u00fczerine \u00e7e\u015fitli i\u015flerinde \u00e7o\u011funlukla ger\u00e7ekli\u011fe kurmaca m\u00fcdahalelerde bulunan sanat\u00e7\u0131n\u0131n bu sergisi son d\u00f6nem \u00e7al\u0131\u015fmalar\u0131ndan olu\u015fuyor.<\/p>\n<p>\u201cD\u00fczenin Do\u011fas\u0131\u201d, 18 Aral\u0131k \u2013 08 \u015eubat tarihlerinde, Sal\u0131-Cumartesi g\u00fcnleri 11.00-19.00 saatleri aras\u0131nda Daire Galeri\u2019de g\u00f6r\u00fclebilir.[\/vc_column_text][\/vc_column][\/vc_row]<\/p>\n","protected":false},"excerpt":{"rendered":"<p>[vc_row][vc_column][vc_custom_heading text=&#8221;El\u00e7in Ekinci&#8221; font_container=&#8221;tag:h2|text_align:left|color:%23cf2065&#8243; use_theme_fonts=&#8221;yes&#8221;][\/vc_column][\/vc_row][vc_row][vc_column][vc_column_text css=&#8221;.vc_custom_1578352444187{margin-top: 25px !important;}&#8221;] D\u00dcZEN\u0130N DO\u011eASI \/ THE NATURE OF ORDER 18 Aral\u0131k Dec 2013 \/ [&hellip;]<\/p>\n","protected":false},"author":2,"featured_media":0,"parent":0,"menu_order":0,"comment_status":"closed","ping_status":"closed","template":"","meta":[],"_links":{"self":[{"href":"https:\/\/dairesanat.com\/index.php\/wp-json\/wp\/v2\/pages\/358"}],"collection":[{"href":"https:\/\/dairesanat.com\/index.php\/wp-json\/wp\/v2\/pages"}],"about":[{"href":"https:\/\/dairesanat.com\/index.php\/wp-json\/wp\/v2\/types\/page"}],"author":[{"embeddable":true,"href":"https:\/\/dairesanat.com\/index.php\/wp-json\/wp\/v2\/users\/2"}],"replies":[{"embeddable":true,"href":"https:\/\/dairesanat.com\/index.php\/wp-json\/wp\/v2\/comments?post=358"}],"version-history":[{"count":2,"href":"https:\/\/dairesanat.com\/index.php\/wp-json\/wp\/v2\/pages\/358\/revisions"}],"predecessor-version":[{"id":361,"href":"https:\/\/dairesanat.com\/index.php\/wp-json\/wp\/v2\/pages\/358\/revisions\/361"}],"wp:attachment":[{"href":"https:\/\/dairesanat.com\/index.php\/wp-json\/wp\/v2\/media?parent=358"}],"curies":[{"name":"wp","href":"https:\/\/api.w.org\/{rel}","templated":true}]}}