{"id":348,"date":"2020-01-06T23:02:50","date_gmt":"2020-01-06T23:02:50","guid":{"rendered":"http:\/\/dairesanat.com\/?page_id=348"},"modified":"2020-01-06T23:06:27","modified_gmt":"2020-01-06T23:06:27","slug":"cagri-saray","status":"publish","type":"page","link":"https:\/\/dairesanat.com\/index.php\/cagri-saray\/","title":{"rendered":"\u00c7a\u011fr\u0131 Saray"},"content":{"rendered":"<p>[vc_row][vc_column][vc_custom_heading text=&#8221;\u00c7a\u011fr\u0131 Saray&#8221; font_container=&#8221;tag:h2|text_align:left|color:%23cf2065&#8243; use_theme_fonts=&#8221;yes&#8221;][\/vc_column][\/vc_row][vc_row][vc_column][vc_column_text css=&#8221;.vc_custom_1578351987007{margin-top: 25px !important;}&#8221;]<\/p>\n<h2>Bir Ev&#8217;in Topografyas\u0131 \/ Topography of a Home<\/h2>\n<p>&nbsp;<\/p>\n<p><img decoding=\"async\" loading=\"lazy\" class=\"alignnone size-full wp-image-350\" src=\"http:\/\/dairesanat.com\/wp-content\/uploads\/2020\/01\/birevintopografyas-son_hali-web.jpg\" alt=\"\" width=\"600\" height=\"373\" srcset=\"https:\/\/dairesanat.com\/wp-content\/uploads\/2020\/01\/birevintopografyas-son_hali-web.jpg 600w, https:\/\/dairesanat.com\/wp-content\/uploads\/2020\/01\/birevintopografyas-son_hali-web-300x187.jpg 300w\" sizes=\"(max-width: 600px) 100vw, 600px\" \/><\/p>\n<p>7 Aral\u0131k Dec 2011 &#8211; 14 Ocak Jan 2012<br \/>\nEv; ayn\u0131 zamanda hem belli bir kimli\u011fi ve aidiyeti temsil eden, hem de mahremiyeti olan \u00f6zerk bir aland\u0131r. Bu \u00f6zerk alan\u0131n topografyas\u0131n\u0131 \u00e7\u0131karmak i\u00e7in \u00f6l\u00e7\u00fclebilir t\u00fcm verileri tespit etmek, sabitlemek ve bunu ger\u00e7ekle\u015ftirirken de bir strateji olu\u015fturmak gerekir. 4\/12, ba\u015flang\u0131\u00e7ta t\u00fcm bu verilerden; y\u00fcz\u00f6l\u00e7\u00fcm\u00fc, ad\u0131m \u00f6l\u00e7\u00fcm\u00fc, \u0131s\u0131 \u00f6l\u00e7\u00fcm\u00fc gibi elde edilmi\u015f \u00f6l\u00e7\u00fclebilir verilerden yola \u00e7\u0131karak ilerlemi\u015f, daha sonras\u0131nda ise mekan\u0131n t\u00fcm anlam ve temsillerini kapsayan bir ara\u015ft\u0131rma alan\u0131na d\u00f6n\u00fc\u015fm\u00fc\u015ft\u00fcr. \u0130stanbul\u2019da, T\u00fcrkiye\u2019de ya da daha geni\u015f bir perspektifle D\u00fcnya\u2019daki bir noktad\u0131r ev. Makro olandan merkeze, mikro olana do\u011fru yeniden yakla\u015ft\u0131\u011f\u0131m\u0131zda mekan kimlik kazan\u0131r; i\u00e7inde ya\u015fayan ki\u015finin t\u00fcm hayat\u0131n\u0131, mahremiyetini, inanc\u0131n\u0131, milletini, \u0131rk\u0131n\u0131 ve t\u00fcm aidiyetini tan\u0131mlar. Di\u011fer bir bak\u0131\u015fla ev, bireyin d\u0131\u015f\u0131nda kendi ruhu olan bir mekand\u0131r. Bu noktada tu\u011flalardan \u00f6r\u00fclm\u00fc\u015f duvarlar\u0131n \u00f6tesinde g\u00f6r\u00fcnmeyen yeni bir mekan alg\u0131s\u0131 ve sakl\u0131 bir bellek ortaya \u00e7\u0131kar. Bu bellek, bireyin ki\u015fisel tarihine de \u015fahitlik eden, mekan\u0131n kendi belle\u011fidir. Bu, zaman\u0131n tozudur.<\/p>\n<p>7 Aral\u0131k 2011\u2019de DA\u0130RE\u2019de ba\u015flayacak olan \u201c4\/12: Bir Ev\u2019in Topografyas\u0131\u201d isimli sergi, izleyiciyi \u201cev\u201de \u00e7a\u011f\u0131r\u0131yor.<\/p>\n<p>Bu proje; \u201cev\u201de dair bir ara\u015ft\u0131rma ve d\u00f6k\u00fcmantasyon projesidir. \u201c4\/12: Bir Ev\u2019in Topografyas\u0131\u201d isimli sergi ise, projenin ilk a\u015famas\u0131n\u0131 olu\u015fturmaktad\u0131r.<\/p>\n<p>\u201c4\/12: Bir Ev\u2019in Topografyas\u0131\u201d,7 Aral\u0131k 2011 \u2013 14 Ocak 2012 tarihlerinde, Sal\u0131 \u2013 Cumartesi 11.00 \u2013 19.00 aras\u0131 DA\u0130RE\u2019de g\u00f6r\u00fclebilir.<\/p>\n<p>Yer: DA\u0130RE<br \/>\nSergi: \u201c4\/12: Bir Ev\u2019in Topografyas\u0131\u201d<br \/>\nSanat\u00e7\u0131: \u00c7a\u011fr\u0131 Saray<\/p>\n<p>A\u00e7\u0131l\u0131\u015f: 7 Aral\u0131k 2011 \u00c7ar\u015famba @ 18.00<br \/>\nAdres: Bo\u011fazkesen Cad No:65D Tophane 34433 Beyo\u011flu \u0130stanbul<br \/>\nTel: 0 212 252 52 59[\/vc_column_text][\/vc_column][\/vc_row]<\/p>\n","protected":false},"excerpt":{"rendered":"<p>[vc_row][vc_column][vc_custom_heading text=&#8221;\u00c7a\u011fr\u0131 Saray&#8221; font_container=&#8221;tag:h2|text_align:left|color:%23cf2065&#8243; use_theme_fonts=&#8221;yes&#8221;][\/vc_column][\/vc_row][vc_row][vc_column][vc_column_text css=&#8221;.vc_custom_1578351987007{margin-top: 25px !important;}&#8221;] Bir Ev&#8217;in Topografyas\u0131 \/ Topography of a Home &nbsp; 7 Aral\u0131k Dec [&hellip;]<\/p>\n","protected":false},"author":2,"featured_media":0,"parent":0,"menu_order":0,"comment_status":"closed","ping_status":"closed","template":"","meta":[],"_links":{"self":[{"href":"https:\/\/dairesanat.com\/index.php\/wp-json\/wp\/v2\/pages\/348"}],"collection":[{"href":"https:\/\/dairesanat.com\/index.php\/wp-json\/wp\/v2\/pages"}],"about":[{"href":"https:\/\/dairesanat.com\/index.php\/wp-json\/wp\/v2\/types\/page"}],"author":[{"embeddable":true,"href":"https:\/\/dairesanat.com\/index.php\/wp-json\/wp\/v2\/users\/2"}],"replies":[{"embeddable":true,"href":"https:\/\/dairesanat.com\/index.php\/wp-json\/wp\/v2\/comments?post=348"}],"version-history":[{"count":2,"href":"https:\/\/dairesanat.com\/index.php\/wp-json\/wp\/v2\/pages\/348\/revisions"}],"predecessor-version":[{"id":351,"href":"https:\/\/dairesanat.com\/index.php\/wp-json\/wp\/v2\/pages\/348\/revisions\/351"}],"wp:attachment":[{"href":"https:\/\/dairesanat.com\/index.php\/wp-json\/wp\/v2\/media?parent=348"}],"curies":[{"name":"wp","href":"https:\/\/api.w.org\/{rel}","templated":true}]}}