{"id":343,"date":"2020-01-06T22:58:33","date_gmt":"2020-01-06T22:58:33","guid":{"rendered":"http:\/\/dairesanat.com\/?page_id=343"},"modified":"2020-01-06T23:01:06","modified_gmt":"2020-01-06T23:01:06","slug":"ceylan-ozturk","status":"publish","type":"page","link":"https:\/\/dairesanat.com\/index.php\/ceylan-ozturk\/","title":{"rendered":"CEYLAN \u00d6ZT\u00dcRK"},"content":{"rendered":"<p>[vc_row][vc_column][vc_custom_heading text=&#8221;CEYLAN \u00d6ZT\u00dcRK&#8221; font_container=&#8221;tag:h2|text_align:left|color:%23cf2065&#8243; use_theme_fonts=&#8221;yes&#8221;][\/vc_column][\/vc_row][vc_row][vc_column][vc_column_text css=&#8221;.vc_custom_1578351663799{margin-top: 25px !important;}&#8221;]<\/p>\n<h2>G\u00d6RD\u00dcM \/\/\u00a0<em>I SAW<\/em><\/h2>\n<p>&nbsp;<\/p>\n<p><strong>7 Aral\u0131k\u00a0<\/strong><strong><em>Dec<\/em><\/strong><strong>\u00a0\/ 26 Ocak\u00a0<\/strong><strong><em>Jan<\/em><\/strong><strong>\u00a02012<\/strong><\/p>\n<p><strong>Ceylan \u00d6zt\u00fcrk,\u00a0<em>\u201cG\u00f6rd\u00fcm\u201d\u00a0<\/em>\u0130simli yeni ki\u015fisel sergisi ile, 7 Aral\u0131k \u2013 26 Ocak tarihleri aras\u0131nda Daire Galeri\u2019de izleyici ile bulu\u015fuyor.<\/strong><\/p>\n<p>Sanat\u00e7\u0131n\u0131n sergide yer alan \u00e7al\u0131\u015fmalar\u0131, ya\u015fanan birtak\u0131m olaylar\u0131n dikkatten ka\u00e7m\u0131\u015f, \u00e7ok fazla \u00fczerinde d\u00fc\u015f\u00fcn\u00fclmeyen y\u00f6nlerini ele al\u0131yor. S\u00f6z konusu eserler, bar\u0131\u015f niyetleri i\u00e7ine gizlenmi\u015f sava\u015f\u0131n vurgulanmas\u0131, haberlerin denetlenerek belirli kal\u0131plarla sunulmas\u0131, yeni beklentilerin umutla birlikte korku da \u00fcretmesi ya da bo\u015fa ge\u00e7en zaman\u0131n kay\u0131tlar\u0131n\u0131n tutulmas\u0131 gibi konular\u0131 sunarken, izleyiciyi dikkate davet ediyor ve g\u00f6z \u00f6n\u00fcnde olan \u015feyin ard\u0131nda yatan g\u00f6r\u00fcnmeyeni, g\u00f6rmeye zorluyor.<\/p>\n<p>\u00d6rne\u011fin,\u00a0<em>&#8220;G\u00f6rme Bozuklu\u011fu&#8221;\u00a0<\/em>adl\u0131 \u00e7al\u0131\u015fmada bar\u0131\u015f\u0131 ve sava\u015f\u0131 an\u0131msatan i\u015faretlerin bir arada bulunmas\u0131, iki farkl\u0131 anlama gelen bu i\u015faretlerin birbirine kar\u0131\u015fmas\u0131na neden oluyor ve bir g\u00f6z testi levhas\u0131n\u0131n kar\u015f\u0131s\u0131na ge\u00e7en izleyicinin, bunlar\u0131 ay\u0131rt edebilmesi isteniyor. Di\u011fer yandan\u00a0<em>&#8220;4895 G\u00fcn&#8221;<\/em>\u00a0adl\u0131 eserde, bir mahkumun duvara kaz\u0131d\u0131\u011f\u0131 \u00e7izgiler, metal par\u00e7alar halinde \u00fcst \u00fcste y\u0131\u011f\u0131l\u0131yor ve bunlar, zamana dair kay\u0131tlar olu\u015fturdu\u011fu \u00f6l\u00e7\u00fcde, asl\u0131nda bo\u015fluktaki bir zamans\u0131zl\u0131\u011f\u0131n da i\u015faretleri oluyor.<\/p>\n<p>Bu t\u00fcr \u00e7ift y\u00f6nl\u00fc bak\u0131\u015f a\u00e7\u0131lar\u0131 \u00fczerine kurulmu\u015f d\u00fc\u015f\u00fcnceler, serginin de ana fikrini ortaya \u00e7\u0131kart\u0131yor.<\/p>\n<p><strong><em>\u201cG\u00f6rd\u00fcm\u201d,<\/em><\/strong><strong>\u00a07 Aral\u0131k 2012 \u2013 26 Ocak 2013 tarihlerinde, Sal\u0131-Cumartesi 11.00 \u2013 18.30 saatleri aras\u0131nda Daire Galeri\u2019de g\u00f6r\u00fclebilir.<\/strong><\/p>\n<p><strong><img decoding=\"async\" loading=\"lazy\" class=\"alignnone size-full wp-image-345\" src=\"http:\/\/dairesanat.com\/wp-content\/uploads\/2020\/01\/gorme_bozuklugu-web.jpg\" alt=\"\" width=\"230\" height=\"500\" srcset=\"https:\/\/dairesanat.com\/wp-content\/uploads\/2020\/01\/gorme_bozuklugu-web.jpg 230w, https:\/\/dairesanat.com\/wp-content\/uploads\/2020\/01\/gorme_bozuklugu-web-138x300.jpg 138w\" sizes=\"(max-width: 230px) 100vw, 230px\" \/><\/strong><\/p>\n<p>&nbsp;<\/p>\n<p><strong>A\u00e7\u0131l\u0131\u015f: 7 Aral\u0131k &#8211; 18:00<\/strong><\/p>\n<p><strong>Adres: Daire Galeri \/\/ Bo\u011fazkesen Cad. No:65 D\u00a0 34433 Tophane, Beyo\u011flu \/ \u0130ST<\/strong><\/p>\n<p>&nbsp;[\/vc_column_text][\/vc_column][\/vc_row]<\/p>\n","protected":false},"excerpt":{"rendered":"<p>[vc_row][vc_column][vc_custom_heading text=&#8221;CEYLAN \u00d6ZT\u00dcRK&#8221; font_container=&#8221;tag:h2|text_align:left|color:%23cf2065&#8243; use_theme_fonts=&#8221;yes&#8221;][\/vc_column][\/vc_row][vc_row][vc_column][vc_column_text css=&#8221;.vc_custom_1578351663799{margin-top: 25px !important;}&#8221;] G\u00d6RD\u00dcM \/\/\u00a0I SAW &nbsp; 7 Aral\u0131k\u00a0Dec\u00a0\/ 26 Ocak\u00a0Jan\u00a02012 Ceylan \u00d6zt\u00fcrk,\u00a0\u201cG\u00f6rd\u00fcm\u201d\u00a0\u0130simli yeni ki\u015fisel [&hellip;]<\/p>\n","protected":false},"author":2,"featured_media":0,"parent":0,"menu_order":0,"comment_status":"closed","ping_status":"closed","template":"","meta":[],"_links":{"self":[{"href":"https:\/\/dairesanat.com\/index.php\/wp-json\/wp\/v2\/pages\/343"}],"collection":[{"href":"https:\/\/dairesanat.com\/index.php\/wp-json\/wp\/v2\/pages"}],"about":[{"href":"https:\/\/dairesanat.com\/index.php\/wp-json\/wp\/v2\/types\/page"}],"author":[{"embeddable":true,"href":"https:\/\/dairesanat.com\/index.php\/wp-json\/wp\/v2\/users\/2"}],"replies":[{"embeddable":true,"href":"https:\/\/dairesanat.com\/index.php\/wp-json\/wp\/v2\/comments?post=343"}],"version-history":[{"count":2,"href":"https:\/\/dairesanat.com\/index.php\/wp-json\/wp\/v2\/pages\/343\/revisions"}],"predecessor-version":[{"id":346,"href":"https:\/\/dairesanat.com\/index.php\/wp-json\/wp\/v2\/pages\/343\/revisions\/346"}],"wp:attachment":[{"href":"https:\/\/dairesanat.com\/index.php\/wp-json\/wp\/v2\/media?parent=343"}],"curies":[{"name":"wp","href":"https:\/\/api.w.org\/{rel}","templated":true}]}}