{"id":333,"date":"2020-01-06T22:37:25","date_gmt":"2020-01-06T22:37:25","guid":{"rendered":"http:\/\/dairesanat.com\/?page_id=333"},"modified":"2020-01-06T22:40:11","modified_gmt":"2020-01-06T22:40:11","slug":"bugra-erol","status":"publish","type":"page","link":"https:\/\/dairesanat.com\/index.php\/bugra-erol\/","title":{"rendered":"Bu\u011fra Erol"},"content":{"rendered":"<p>[vc_row][vc_column][vc_custom_heading text=&#8221;Bu\u011fra Erol&#8221; font_container=&#8221;tag:h2|text_align:left|color:%23cf2065&#8243; use_theme_fonts=&#8221;yes&#8221;][\/vc_column][\/vc_row][vc_row][vc_column][vc_column_text css=&#8221;.vc_custom_1578350412151{margin-top: 25px !important;}&#8221;]<\/p>\n<h2>BOL \u015eANS \/ GOOD LUCK<\/h2>\n<p>&nbsp;<\/p>\n<h2>13 \u015eubat\u00a0<em>Feb\u00a0<\/em>\/ 22 Mart<em>\u00a0March\u00a0<\/em>2014<\/h2>\n<p>&nbsp;<\/p>\n<p><img decoding=\"async\" loading=\"lazy\" class=\"alignnone size-full wp-image-335\" src=\"http:\/\/dairesanat.com\/wp-content\/uploads\/2020\/01\/bugra_erol-9773.jpg\" alt=\"\" width=\"640\" height=\"460\" srcset=\"https:\/\/dairesanat.com\/wp-content\/uploads\/2020\/01\/bugra_erol-9773.jpg 640w, https:\/\/dairesanat.com\/wp-content\/uploads\/2020\/01\/bugra_erol-9773-300x216.jpg 300w\" sizes=\"(max-width: 640px) 100vw, 640px\" \/><\/p>\n<p>&nbsp;<\/p>\n<p><strong>Bu\u011fra Erol, &#8221; Bol \u015eans&#8221; isimli ikinci ki\u015fisel sergisi ile 13 \u015eubat &#8211; 22 Mart tarihleri aras\u0131da Daire Galeri&#8217;de izleyici ile bulu\u015fuyor.<\/strong><strong>\u00a0<\/strong><\/p>\n<p>&nbsp;<\/p>\n<p>Bu\u011fra Erol, &#8220;Bol \u015eans&#8221; isimli\u00a0sergisinde, ekonomik ba\u011fl\u0131l\u0131k, tabiat ve k\u00fcresel \u00e7evre sorunlar\u0131 ile \u00e7etele\u015fen g\u00fc\u00e7 odaklar\u0131n\u0131n olu\u015fturdu\u011fu yeni d\u00fcnya d\u00fczeni ile ilgili g\u00f6r\u00fc\u015flerini ortaya koyuyor.<\/p>\n<p>Bu\u011fra Erol, ayn\u0131 kavramsal \u00e7er\u00e7eve alt\u0131nda, farkl\u0131 disiplinler ile \u00e7al\u0131\u015f\u0131yor. Sanat\u00e7\u0131, g\u00f6z \u00f6n\u00fcne getirmek ve dikkat \u00e7ekmek istedi\u011fi tespitlerini vurgulamak i\u00e7in sergide kurgusal bir yap\u0131y\u0131 \u00f6n plana \u00e7\u0131kart\u0131yor. Konuyu belirledikten sonra, konunun kendisini farkl\u0131 tekniklere y\u00f6neltti\u011fini belirten sanat\u00e7\u0131n\u0131n &#8220;Bol \u015eans&#8221; isimli sergisinde, resimlerinin yan\u0131 s\u0131ra \u0131\u015f\u0131kl\u0131 kutu i\u00e7erisinde birbiri \u00fcst\u00fcne gelen dialar ile olu\u015fturdu\u011fu kolajlar yer al\u0131yor.<\/p>\n<p>G\u00fcn\u00fcm\u00fczde bir\u00e7ok bilim insan\u0131 sorunlar\u0131 bildi\u011fimiz ve se\u00e7imlerimizin neye mal oldu\u011funu farketti\u011fimiz halde d\u00fczeltmek i\u00e7in bir eylemde bulunmayarak bir \u00e7e\u015fit &#8220;inkar&#8221; i\u00e7inde ya\u015fad\u0131\u011f\u0131m\u0131z\u0131 belirtiyor. Bu\u011fra Erol da bir \u00e7evre aktivisti olarak, di\u011fer insanlar\u0131n da \u00e7evre sorunlar\u0131n\u0131 en az kendisi kadar iyi g\u00f6zlemlediklerini fakat harekete ge\u00e7meyerek bu inkar\u0131n bir par\u00e7as\u0131 haline geldiklerini tespit ediyor ve sergi i\u00e7in bu inkar\u0131 sistematize eden temsili bir \u201c\u00e7ete\u201d kurgulamaya karar veriyor. \u015eehirde ya\u015fayan ve s\u00fcrmekte olan sistemi devaml\u0131 k\u0131lan toplum bireylerini de bu \u00e7etenin bir par\u00e7as\u0131 olarak adlediyor. Sanat\u00e7\u0131, kurgulad\u0131\u011f\u0131 mekanlarda, \u201c\u0130nkar Devrimi\u201dnin bir par\u00e7as\u0131 olarak kendisinin de bir par\u00e7as\u0131 haline geldi\u011fi bu \u00e7eteyi g\u00f6r\u00fcn\u00fcr hale getiriyor. Erol, kendi bulundu\u011fu yerden, soruna dair \u00e7\u00f6z\u00fcm yollar\u0131 \u00f6nermeden, bir par\u00e7as\u0131 oldu\u011fu toplumu kendi estetik de\u011ferleri ile tekrar kurguluyor.<\/p>\n<p>Bu\u011fra Erol, sergide yer alan dialarla olu\u015fturdu\u011fu \u0131\u015f\u0131kl\u0131 kutularda ise \u00e7a\u011fr\u0131\u015f\u0131m yap\u0131labilecek kelimeler kullan\u0131yor. Birbiri ile do\u011frusal bir ili\u015fki kurmadan, pek\u00e7ok diay\u0131 diay\u0131 biraraya getirerek yeni bir hikaye olu\u015fturuyor ve se\u00e7ti\u011fi kelimeleri de bu hikayelerin ba\u015fl\u0131\u011f\u0131 olarak belirliyor.<\/p>\n<p>&nbsp;<\/p>\n<p><strong>\u201cBol \u015eans\u201d 13 \u015eubat &#8211; 22 Mart 2014 tarihlerinde, Sal\u0131-Cumartesi g\u00fcnleri 11.00 &#8211; 19.00 saatleri aras\u0131nda Daire Galeri&#8217;de g\u00f6r\u00fclebilir.\u00a0<\/strong><\/p>\n<p>&nbsp;<\/p>\n<p><a href=\"http:\/\/issuu.com\/dairegaleri\/docs\/bugra_erol_katalog?e=11223099\/7098380\" target=\"_blank\" rel=\"noopener noreferrer\"><strong>Sergi katalo\u011funu g\u00f6r\u00fcnt\u00fclemek i\u00e7in t\u0131klay\u0131n\u0131z.<\/strong><\/a>[\/vc_column_text][\/vc_column][\/vc_row]<\/p>\n","protected":false},"excerpt":{"rendered":"<p>[vc_row][vc_column][vc_custom_heading text=&#8221;Bu\u011fra Erol&#8221; font_container=&#8221;tag:h2|text_align:left|color:%23cf2065&#8243; use_theme_fonts=&#8221;yes&#8221;][\/vc_column][\/vc_row][vc_row][vc_column][vc_column_text css=&#8221;.vc_custom_1578350412151{margin-top: 25px !important;}&#8221;] BOL \u015eANS \/ GOOD LUCK &nbsp; 13 \u015eubat\u00a0Feb\u00a0\/ 22 Mart\u00a0March\u00a02014 &nbsp; &nbsp; [&hellip;]<\/p>\n","protected":false},"author":2,"featured_media":0,"parent":0,"menu_order":0,"comment_status":"closed","ping_status":"closed","template":"","meta":[],"_links":{"self":[{"href":"https:\/\/dairesanat.com\/index.php\/wp-json\/wp\/v2\/pages\/333"}],"collection":[{"href":"https:\/\/dairesanat.com\/index.php\/wp-json\/wp\/v2\/pages"}],"about":[{"href":"https:\/\/dairesanat.com\/index.php\/wp-json\/wp\/v2\/types\/page"}],"author":[{"embeddable":true,"href":"https:\/\/dairesanat.com\/index.php\/wp-json\/wp\/v2\/users\/2"}],"replies":[{"embeddable":true,"href":"https:\/\/dairesanat.com\/index.php\/wp-json\/wp\/v2\/comments?post=333"}],"version-history":[{"count":2,"href":"https:\/\/dairesanat.com\/index.php\/wp-json\/wp\/v2\/pages\/333\/revisions"}],"predecessor-version":[{"id":336,"href":"https:\/\/dairesanat.com\/index.php\/wp-json\/wp\/v2\/pages\/333\/revisions\/336"}],"wp:attachment":[{"href":"https:\/\/dairesanat.com\/index.php\/wp-json\/wp\/v2\/media?parent=333"}],"curies":[{"name":"wp","href":"https:\/\/api.w.org\/{rel}","templated":true}]}}