{"id":329,"date":"2020-01-06T22:33:58","date_gmt":"2020-01-06T22:33:58","guid":{"rendered":"http:\/\/dairesanat.com\/?page_id=329"},"modified":"2020-01-06T22:35:08","modified_gmt":"2020-01-06T22:35:08","slug":"ardan-ozmenoglu","status":"publish","type":"page","link":"https:\/\/dairesanat.com\/index.php\/ardan-ozmenoglu\/","title":{"rendered":"Ardan \u00d6zmeno\u011flu"},"content":{"rendered":"<p>[vc_row][vc_column][vc_custom_heading text=&#8221;Ardan \u00d6zmeno\u011flu&#8221; font_container=&#8221;tag:h2|text_align:left|color:%23cf2065&#8243; use_theme_fonts=&#8221;yes&#8221;][\/vc_column][\/vc_row][vc_row][vc_column][vc_column_text css=&#8221;.vc_custom_1578350106412{margin-top: 25px !important;}&#8221;]<\/p>\n<div id=\"container\">\n<div id=\"right_column\">\n<div id=\"content\">\n<p>Eserleri yurti\u00e7i ve yurtd\u0131\u015f\u0131nda pek \u00e7ok sergide yer alan Ardan \u00d6zmeno\u011flu&#8217;nun be\u015finci ki\u015fisel sergisi \u201cSiyaset Meydan\u0131\u201d sanat\u00e7\u0131n\u0131n 1980ler sonras\u0131 siyasi liderlerinin s\u00f6ylemleri ve vaatlerinin demokratik ortam\u0131 k\u0131z\u0131\u015ft\u0131rd\u0131\u011f\u0131 bir d\u00f6nemde b\u00fcy\u00fcm\u00fc\u015f olmas\u0131n\u0131n izlerini ta\u015f\u0131yor.<\/p>\n<p>Sanat\u00e7\u0131 art\u0131k imzas\u0131 haline gelen post-it ve ipek bask\u0131 tekni\u011fi kullan\u0131m\u0131n\u0131n yan\u0131 s\u0131ra ba\u015fka bask\u0131 teknikleriyle tekrar yorumlad\u0131\u011f\u0131 siyasi lider portrelerine yer verecek. 1980ler sonras\u0131n\u0131n \u00e7alkant\u0131l\u0131 siyasi d\u00f6nemine damgas\u0131n\u0131 vuran parti liderlerinin birbirleriyle uzla\u015famamalar\u0131ndan yola \u00e7\u0131karak olu\u015fturdu\u011fu sergide \u00d6zmeno\u011flu, sanatsal \u00e7er\u00e7evede de olsa liderleri ve s\u00f6ylemlerini adeta ayn\u0131 mekan i\u00e7inde bir araya getirerek \u00e7arp\u0131\u015ft\u0131r\u0131yor.<\/p>\n<p>&#8230;&#8230;&#8230;&#8230;&#8230;&#8230;&#8230;&#8230;&#8230;&#8230;&#8230;&#8230;&#8230;&#8230;&#8230;&#8230;&#8230;&#8230;&#8230;&#8230;&#8230;&#8230;&#8230;&#8230;&#8230;&#8230;&#8230;&#8230;&#8230;&#8230;<\/p>\n<p>\u201cPolitical Arena\u201d is the fifth personal exhibition of Ardan \u00d6zmeno\u011flu whose previous works have been shown in several exhibitions in Turkey and abroad. The artist\u2019s latest series reflect the traces of having grown up during a time when the rhetorics and the promises of the political leaders of the 1980s increasingly heated up the democratic climate in Turkey.<\/p>\n<p>The artist uses several different printing techniques including her signature silk printing on post-its to reformulate prominent political figures of the era. Taking the fact that the political leaders were unable to compromise with each other as a starting point, \u00d6zmeno\u011flu manages to bring together these familiar political faces and their notorious rhetoric under the same roof, even if it is only in an artistic layout.<\/p>\n<p>Sal\u0131 &#8211; Cumartesi 11.00 &#8211; 19.00<\/p>\n<\/div>\n<\/div>\n<\/div>\n<div id=\"footer\" class=\"clearfix\">\n<div id=\"translate\">\n<div class=\"module \"><\/div>\n<\/div>\n<div id=\"adress\">\n<div class=\"moduletable\"><\/div>\n<\/div>\n<\/div>\n<p>[\/vc_column_text][\/vc_column][\/vc_row]<\/p>\n","protected":false},"excerpt":{"rendered":"<p>[vc_row][vc_column][vc_custom_heading text=&#8221;Ardan \u00d6zmeno\u011flu&#8221; font_container=&#8221;tag:h2|text_align:left|color:%23cf2065&#8243; use_theme_fonts=&#8221;yes&#8221;][\/vc_column][\/vc_row][vc_row][vc_column][vc_column_text css=&#8221;.vc_custom_1578350106412{margin-top: 25px !important;}&#8221;] Eserleri yurti\u00e7i ve yurtd\u0131\u015f\u0131nda pek \u00e7ok sergide yer alan Ardan \u00d6zmeno\u011flu&#8217;nun be\u015finci [&hellip;]<\/p>\n","protected":false},"author":2,"featured_media":0,"parent":0,"menu_order":0,"comment_status":"closed","ping_status":"closed","template":"","meta":[],"_links":{"self":[{"href":"https:\/\/dairesanat.com\/index.php\/wp-json\/wp\/v2\/pages\/329"}],"collection":[{"href":"https:\/\/dairesanat.com\/index.php\/wp-json\/wp\/v2\/pages"}],"about":[{"href":"https:\/\/dairesanat.com\/index.php\/wp-json\/wp\/v2\/types\/page"}],"author":[{"embeddable":true,"href":"https:\/\/dairesanat.com\/index.php\/wp-json\/wp\/v2\/users\/2"}],"replies":[{"embeddable":true,"href":"https:\/\/dairesanat.com\/index.php\/wp-json\/wp\/v2\/comments?post=329"}],"version-history":[{"count":2,"href":"https:\/\/dairesanat.com\/index.php\/wp-json\/wp\/v2\/pages\/329\/revisions"}],"predecessor-version":[{"id":331,"href":"https:\/\/dairesanat.com\/index.php\/wp-json\/wp\/v2\/pages\/329\/revisions\/331"}],"wp:attachment":[{"href":"https:\/\/dairesanat.com\/index.php\/wp-json\/wp\/v2\/media?parent=329"}],"curies":[{"name":"wp","href":"https:\/\/api.w.org\/{rel}","templated":true}]}}