{"id":324,"date":"2020-01-06T22:30:19","date_gmt":"2020-01-06T22:30:19","guid":{"rendered":"http:\/\/dairesanat.com\/?page_id=324"},"modified":"2020-01-06T22:32:08","modified_gmt":"2020-01-06T22:32:08","slug":"ali-ibrahim-ocal","status":"publish","type":"page","link":"https:\/\/dairesanat.com\/index.php\/ali-ibrahim-ocal\/","title":{"rendered":"Ali \u0130brahim \u00d6cal"},"content":{"rendered":"<p>[vc_row][vc_column][vc_custom_heading text=&#8221;Ali \u0130brahim \u00d6cal&#8221; font_container=&#8221;tag:h2|text_align:left|color:%23cf2065&#8243; use_theme_fonts=&#8221;yes&#8221;][\/vc_column][\/vc_row][vc_row][vc_column][vc_column_text css=&#8221;.vc_custom_1578349897005{margin-top: 25px !important;}&#8221;]<\/p>\n<h3>14 Mart\u00a0<em>Mar<\/em>\u00a0&#8211; 28 Nisan\u00a0<em>Apr<\/em>\u00a02012<\/h3>\n<p><strong>Ali \u0130brahim \u00d6cal&#8217;\u0131n\u00a0<em>&#8220;Patetik Koridor&#8221;\u00a0<\/em>isimli ikinci ki\u015fisel sergisi 14 Mart \u2013 28 Nisan 2012 tarihleri aras\u0131nda DA\u0130RE\u2019de g\u00f6r\u00fclebilir.<\/strong><\/p>\n<p>Resim, video ve yerle\u015ftirme gibi farkl\u0131 disiplinlerde \u00fcreten gen\u00e7 sanat\u00e7\u0131 Ali \u0130brahim \u00d6cal, foto\u011fraf ve resimlerden olu\u015fan \u00fc\u00e7\u00fcnc\u00fc serisinden eserlerini \u201cPatetik Koridor\u201d adl\u0131 sergide bir araya getiriyor. \u0130lk d\u00f6nem \u00e7al\u0131\u015fmalar\u0131nda eski aile foto\u011fralar\u0131na dayanan ve annesinin gen\u00e7 ya\u015ftaki g\u00f6r\u00fcnt\u00fclerinde merkezlenerek bellek, ya\u015fam ve \u00f6l\u00fcm gibi konular\u0131 inceleyen sanat\u00e7\u0131, ikinci serisinde \u015fimdi ya\u015fl\u0131 olan annesini hayvan fig\u00fcrleri ve a\u00e7\u0131k hava sahnelerinde g\u00f6r\u00fcnt\u00fcleyerek ya\u015famsal bir \u201cikona\u201dya d\u00f6n\u00fc\u015ft\u00fcrd\u00fc. \u0130nsan fig\u00fcr\u00fcn\u00fcn yo\u011funlukla resimsel sahneyi terk etti\u011fi, son d\u00f6nem \u00e7al\u0131\u015fmalar\u0131ndan olu\u015fan \u201cPatetik Koridor\u201d serisinde ise \u00e7e\u015fitli eylemlerde g\u00f6sterilen hayvanlar birer metafor arac\u0131 olarak kar\u015f\u0131m\u0131za \u00e7\u0131k\u0131yor.<\/p>\n<p>Ali \u0130brahim \u00d6cal\u2019\u0131n bu serideki yorumlar\u0131 iki t\u00fcr aras\u0131ndaki yapay ili\u015fkiyi ortaya koyuyor. Serginin ba\u015fl\u0131\u011f\u0131, sanat\u00e7\u0131n\u0131n insan-hayvan etkile\u015fimi \u00fczerine olu\u015fturdu\u011fu ele\u015ftirel yorumlar\u0131n\u0131n alt\u0131n\u0131 \u00e7iziyor. \u0130kisi de bir yerde bulunup, tek bir mekan olu\u015fturmalar\u0131na ra\u011fmen birbirlerine asla temas etmeyen iki duvar, koridor metaforu olarak ele al\u0131n\u0131yor. Bu metaforun \u00fcz\u00fcc\u00fc ve trajik boyutu ise, duvarlar\u0131n do\u011frudan temas ve de\u011fi\u015fime asla girmeyen iki yabanc\u0131 gibi olmalar\u0131.<\/p>\n<p><em><strong>\u201cPatetik Koridor\u201d<\/strong><\/em>\u00a014 Mart \u2013 28 Nisan 2012 tarihlerinde Sal\u0131 \u2013 Cumartesi 11.00-19.00 aras\u0131 DA\u0130RE\u2019de izlenebilir.<br \/>\nYer: DA\u0130RE<br \/>\nSergi: \u201cPatetik Koridor\u201d<br \/>\nSanat\u00e7\u0131: Ali \u0130brahim \u00d6cal<\/p>\n<p>A\u00e7\u0131l\u0131\u015f: 14 Mart 2012 \u00c7ar\u015famba @ 18.00<br \/>\nAdres: Bo\u011fazkesen Cad No:65D Tophane 34433 Beyo\u011flu \u0130stanbul<br \/>\nTel: 0 212 252 52 59[\/vc_column_text][\/vc_column][\/vc_row][vc_row][vc_column][vc_single_image image=&#8221;326&#8243; img_size=&#8221;large&#8221; alignment=&#8221;center&#8221;][\/vc_column][\/vc_row]<\/p>\n","protected":false},"excerpt":{"rendered":"<p>[vc_row][vc_column][vc_custom_heading text=&#8221;Ali \u0130brahim \u00d6cal&#8221; font_container=&#8221;tag:h2|text_align:left|color:%23cf2065&#8243; use_theme_fonts=&#8221;yes&#8221;][\/vc_column][\/vc_row][vc_row][vc_column][vc_column_text css=&#8221;.vc_custom_1578349897005{margin-top: 25px !important;}&#8221;] 14 Mart\u00a0Mar\u00a0&#8211; 28 Nisan\u00a0Apr\u00a02012 Ali \u0130brahim \u00d6cal&#8217;\u0131n\u00a0&#8220;Patetik Koridor&#8221;\u00a0isimli ikinci ki\u015fisel sergisi [&hellip;]<\/p>\n","protected":false},"author":2,"featured_media":0,"parent":0,"menu_order":0,"comment_status":"closed","ping_status":"closed","template":"","meta":[],"_links":{"self":[{"href":"https:\/\/dairesanat.com\/index.php\/wp-json\/wp\/v2\/pages\/324"}],"collection":[{"href":"https:\/\/dairesanat.com\/index.php\/wp-json\/wp\/v2\/pages"}],"about":[{"href":"https:\/\/dairesanat.com\/index.php\/wp-json\/wp\/v2\/types\/page"}],"author":[{"embeddable":true,"href":"https:\/\/dairesanat.com\/index.php\/wp-json\/wp\/v2\/users\/2"}],"replies":[{"embeddable":true,"href":"https:\/\/dairesanat.com\/index.php\/wp-json\/wp\/v2\/comments?post=324"}],"version-history":[{"count":2,"href":"https:\/\/dairesanat.com\/index.php\/wp-json\/wp\/v2\/pages\/324\/revisions"}],"predecessor-version":[{"id":327,"href":"https:\/\/dairesanat.com\/index.php\/wp-json\/wp\/v2\/pages\/324\/revisions\/327"}],"wp:attachment":[{"href":"https:\/\/dairesanat.com\/index.php\/wp-json\/wp\/v2\/media?parent=324"}],"curies":[{"name":"wp","href":"https:\/\/api.w.org\/{rel}","templated":true}]}}