{"id":319,"date":"2020-01-06T22:23:34","date_gmt":"2020-01-06T22:23:34","guid":{"rendered":"http:\/\/dairesanat.com\/?page_id=319"},"modified":"2020-01-06T22:27:08","modified_gmt":"2020-01-06T22:27:08","slug":"anna-heidenhain","status":"publish","type":"page","link":"https:\/\/dairesanat.com\/index.php\/anna-heidenhain\/","title":{"rendered":"Anna Heidenhain"},"content":{"rendered":"<p>[vc_row][vc_column][vc_custom_heading text=&#8221;ANNA HEIDENHAIN&#8221; font_container=&#8221;tag:h2|text_align:left|color:%23cf2065&#8243; use_theme_fonts=&#8221;yes&#8221;][\/vc_column][\/vc_row][vc_row][vc_column][vc_column_text css=&#8221;.vc_custom_1578349503685{margin-top: 25px !important;}&#8221;]Anna Heidenhain, sanat\u0131 dekoratif bir obje olarak sahiplenme olgusu ile buna benzer \u015fekilde kendi ki\u015fili\u011fimizi kurarcas\u0131na dekore etti\u011fimiz ya\u015fam alanlar\u0131m\u0131z aras\u0131ndaki paralellikleri ortaya koyuyor. \u201cSat\u0131l\u0131k\u201d, bizi kendimiz i\u00e7in in\u015fa etti\u011fimiz \u201cyuva\u201dlara ve de bu yolla d\u0131\u015far\u0131ya aksettirmeyi ama\u00e7lad\u0131\u011f\u0131m\u0131z kimliklerimize olan aidiyetimizin samimiyetini sorgulamaya y\u00f6nlendiren bir sergi.<\/p>\n<p>&#8230;&#8230;&#8230;&#8230;&#8230;&#8230;&#8230;&#8230;&#8230;&#8230;&#8230;&#8230;&#8230;&#8230;&#8230;&#8230;&#8230;&#8230;&#8230;..<\/p>\n<p>Anna Heidenhain questions \u201cpossessing\u201d art as a decorative object as well as \u201cowning\u201d homes that are constructed and decorated in order to help the owner project the desired, therefore the right, image of his\/her identity. In short, the exhibition is about belonging to the nest that we build for ourselves and the identities we thereby construct through them.<\/p>\n<p>&nbsp;[\/vc_column_text][\/vc_column][\/vc_row][vc_row][vc_column][vc_single_image image=&#8221;318&#8243; img_size=&#8221;large&#8221; alignment=&#8221;center&#8221;][\/vc_column][\/vc_row]<\/p>\n","protected":false},"excerpt":{"rendered":"<p>[vc_row][vc_column][vc_custom_heading text=&#8221;ANNA HEIDENHAIN&#8221; font_container=&#8221;tag:h2|text_align:left|color:%23cf2065&#8243; use_theme_fonts=&#8221;yes&#8221;][\/vc_column][\/vc_row][vc_row][vc_column][vc_column_text css=&#8221;.vc_custom_1578349503685{margin-top: 25px !important;}&#8221;]Anna Heidenhain, sanat\u0131 dekoratif bir obje olarak sahiplenme olgusu ile buna benzer \u015fekilde [&hellip;]<\/p>\n","protected":false},"author":2,"featured_media":0,"parent":0,"menu_order":0,"comment_status":"closed","ping_status":"closed","template":"","meta":[],"_links":{"self":[{"href":"https:\/\/dairesanat.com\/index.php\/wp-json\/wp\/v2\/pages\/319"}],"collection":[{"href":"https:\/\/dairesanat.com\/index.php\/wp-json\/wp\/v2\/pages"}],"about":[{"href":"https:\/\/dairesanat.com\/index.php\/wp-json\/wp\/v2\/types\/page"}],"author":[{"embeddable":true,"href":"https:\/\/dairesanat.com\/index.php\/wp-json\/wp\/v2\/users\/2"}],"replies":[{"embeddable":true,"href":"https:\/\/dairesanat.com\/index.php\/wp-json\/wp\/v2\/comments?post=319"}],"version-history":[{"count":3,"href":"https:\/\/dairesanat.com\/index.php\/wp-json\/wp\/v2\/pages\/319\/revisions"}],"predecessor-version":[{"id":322,"href":"https:\/\/dairesanat.com\/index.php\/wp-json\/wp\/v2\/pages\/319\/revisions\/322"}],"wp:attachment":[{"href":"https:\/\/dairesanat.com\/index.php\/wp-json\/wp\/v2\/media?parent=319"}],"curies":[{"name":"wp","href":"https:\/\/api.w.org\/{rel}","templated":true}]}}