{"id":302,"date":"2019-12-20T11:13:37","date_gmt":"2019-12-20T11:13:37","guid":{"rendered":"http:\/\/dairesanat.com\/?page_id=302"},"modified":"2025-01-06T10:24:43","modified_gmt":"2025-01-06T07:24:43","slug":"basvuru","status":"publish","type":"page","link":"https:\/\/dairesanat.com\/index.php\/basvuru\/","title":{"rendered":"BA\u015eVURU"},"content":{"rendered":"<p>[vc_row][vc_column][vc_custom_heading text=&#8221;BA\u015eVURU&#8221; font_container=&#8221;tag:h2|text_align:left|color:%23cf2065&#8243; use_theme_fonts=&#8221;yes&#8221;][\/vc_column][\/vc_row][vc_row][vc_column][vc_column_text css=&#8221;.vc_custom_1717442564584{margin-top: 25px !important;}&#8221;]<strong><u>DA\u0130RE SANAT A\u00c7IK AT\u00d6LYE SANAT\u00c7I PROGRAMI BA\u015eVURU HAKKINDA<\/u><\/strong><\/p>\n<div>Daire Sanat A\u00e7\u0131k At\u00f6lye sanat\u00e7\u0131 konuk program\u0131 se\u00e7ilmi\u015f sanat\u00e7\u0131lara <strong>\u00fc\u00e7 ay<\/strong> boyunda Cihangir&#8217;deki mekan\u0131nda sanatsal prati\u011fini ve bu s\u00fcre zarf\u0131nda \u00fczerinde \u00e7al\u0131\u015fmak istedi\u011fi projesini \u00fcretmek \u00fczere at\u00f6lye ortam\u0131 sa\u011fl\u0131yor. Konuk sanat\u00e7\u0131 at\u00f6lyeyi haftan\u0131n yedi g\u00fcn\u00fc saat<strong> 09.00-19.00 saatleri<\/strong> aras\u0131nda kullanabilecektir.<\/div>\n<div>At\u00f6lyenin ziyarete a\u00e7\u0131k oldu\u011fu <strong>haftada iki g\u00fcn<\/strong>, sanat\u00e7\u0131n\u0131n at\u00f6lyesinde bulunmas\u0131 <strong>\u015fartt\u0131r<\/strong>. Ziyarete a\u00e7\u0131k olan bu iki g\u00fcn, se\u00e7ilen iki konuk sanat\u00e7\u0131 taraf\u0131ndan ortakla\u015fa kararla\u015ft\u0131r\u0131l\u0131r. A\u00e7\u0131k at\u00f6lye g\u00fcnlerinde ziyaret\u00e7iler sanat\u00e7\u0131n\u0131n kendisiyle tan\u0131\u015fma, proje s\u00fcrecini takip etme ve e\u011fer isterse sanat\u00e7\u0131dan direkt eser sat\u0131n alma imkan\u0131na sahip olacakt\u0131r.<\/div>\n<div>Ayn\u0131 anda iki sanat\u00e7\u0131 at\u00f6lyesine ev sahipli\u011fi yapmam\u0131zdan dolay\u0131 kat\u0131lan sanat\u00e7\u0131lara konaklama imkan\u0131 <strong>verilememektedir<\/strong>.<\/div>\n<div>Program hem sanat\u00e7\u0131 \u00fcretimine katk\u0131da bulunmak hem de Daire Sanat&#8217;\u0131n 12 y\u0131ll\u0131k galeri ge\u00e7mi\u015finin bir uzant\u0131s\u0131 olarak sanat\u00e7\u0131 ile sanatseverleri yeni bir dinamik i\u00e7erisinde bir araya getirmeyi hedeflemektedir.<\/div>\n<div>\n<p>Ekte bulunan formu doldurup bize tek bir pdf halinde son ba\u015fvuru tarihine kadar iletiniz. <strong>De\u011ferlendirmeler proje bazl\u0131 oldu\u011fundan, proje ba\u015fvurusunun olabildi\u011fince detayl\u0131 olmas\u0131 \u00f6nerilir.<\/strong><\/p>\n<p><strong>A\u00e7\u0131k At\u00f6lye Sanat\u00e7\u0131 Konuk Program\u0131 Ba\u015fvurular\u0131n\u0131 De\u011ferlendirme Kriterleri:<\/strong><br \/>\n\u25cf Ba\u015fvurularda sanat\u00e7\u0131n\u0131n CV ve g\u00fcncel portfolyosu bulunmakla beraber, programa kat\u0131l\u0131m a\u011f\u0131rl\u0131kl\u0131 olarak sunulan proje \u00fczerinden de\u011ferlendirilir. Projenin sa\u011flam temellendirilmi\u015f, y\u00fcr\u00fct\u00fclebilir ve bu \u00fc\u00e7 ayl\u0131k d\u00f6nem i\u00e7inde somut hale getirilebilir olmas\u0131 \u00f6nemlidir.<br \/>\n\u25cf Projenin \u00e7a\u011fda\u015f sanata olabilecek katk\u0131s\u0131 g\u00f6z \u00f6n\u00fcnde bulundurulur. \u00c7a\u011fda\u015f sanata olan katk\u0131s\u0131 \u201cfikrin veya yarat\u0131m\u0131n ard\u0131ndaki niyetin bulu\u015f\u00e7u ve orijinal olup olmad\u0131\u011f\u0131\u201d 1 sorgulanarak de\u011ferlendirilebilir.<br \/>\n\u25cf Projenin \u00f6zg\u00fcnl\u00fc\u011f\u00fc, herhangi bir ba\u015fka ger\u00e7ekle\u015fmi\u015f projeye benzemiyor olmas\u0131, intihal ve ya sahtecilik su\u00e7lamalar\u0131 zann\u0131 alt\u0131nda kalmayacak olmas\u0131 \u00f6nemlidir.<br \/>\n\u25cf Sanat\u00e7\u0131 se\u00e7iminde ya\u015f, cinsiyet, \u0131rk, din, dil gibi unsurlar g\u00f6zetilmeden se\u00e7im yap\u0131l\u0131r.<br \/>\n\u25cf Sanat\u00e7\u0131n\u0131n tan\u0131n\u0131r ya da yeni olmas\u0131 bir kriter de\u011fildir.<br \/>\n\u25cf Se\u00e7imler, se\u00e7ici kurul \u00fcyesinin her sanat\u00e7\u0131 ve projesini\u00a0 puanlamas\u0131yla ger\u00e7ekle\u015fir.<\/p>\n<p>&nbsp;<\/p>\n<\/div>\n<p><strong>Her y\u0131l, \u0130LKBAHAR d\u00f6nemi (25 \u015eubat-25 May\u0131s) i\u00e7in SON BA\u015eVURU TAR\u0130H\u0130 15 ARALIK&#8217;d\u0131r.<\/strong><\/p>\n<p><strong>Her y\u0131l, SONBAHAR D\u00f6nemi (25 Eyl\u00fcl &#8211; 25 Aral\u0131k) i\u00e7in SON BA\u015eVURU TAR\u0130H\u0130 ise 10 TEMMUZ&#8217;dur.<\/strong><\/p>\n<p>L\u00fctfen ba\u015fvuru yapmadan \u00f6nce a\u015fa\u011f\u0131daki listeyi kontrol ediniz. Sanat\u00e7\u0131 se\u00e7imleri Se\u00e7ici Kurul taraf\u0131ndan yap\u0131lacakt\u0131r. Ba\u015fvurular m\u00fcmk\u00fcn oldu\u011funca detayl\u0131 olarak doldurulmal\u0131d\u0131r. Ba\u015fvuru belgeleri <strong><em>tek bir pdf<\/em> dosya<\/strong> ile g\u00f6nderilmelidir.<\/p>\n<p><strong><u>BA\u015eVURU \u0130\u00c7\u0130N GEREKENLER<\/u><\/strong><\/p>\n<ul>\n<li>Ba\u015fvuru formu\n<ul>\n<li>Proje \u00f6nerisi<\/li>\n<li>Sanat\u00e7\u0131 g\u00f6r\u00fc\u015f\u00fc<\/li>\n<\/ul>\n<\/li>\n<li>CV &#8211; pdf<\/li>\n<li>Porfolyo \u2013 pdf<\/li>\n<\/ul>\n<p><strong><em><a href=\"http:\/\/dairesanat.com\/wp-content\/uploads\/2025\/01\/AASP_Basvuru-Formu-1.docx\">BA\u015eVURU FORMUNU \u0130ND\u0130RMEK \u0130\u00c7\u0130N TIKLAYINIZ<\/a><\/em><\/strong><\/p>\n<p><span style=\"color: #000000;\"><strong><a style=\"color: #000000;\" href=\"http:\/\/dairesanat.com\/wp-content\/uploads\/2025\/01\/OPEN-STUDIO-ARTIST-PROGRAMME-APPLICATION-FORM.docx\"><em>DOWNLOAD THE APPLICATION FORM\u00a0<\/em><\/a><\/strong><\/span><\/p>\n<p><strong><em>Daire Sanat A\u00e7\u0131k At\u00f6lye Sanat\u00e7\u0131 Program\u0131 ile ilgili ayr\u0131nt\u0131l\u0131 bilgi ve ba\u015fvuru i\u00e7in ileti\u015fim:<\/em><\/strong><\/p>\n<p><a href=\"mailto:info@dairesanat.com\">info@dairesanat.com<\/a><\/p>\n<p>0 212 252 52 77[\/vc_column_text][\/vc_column][\/vc_row][vc_row][vc_column][\/vc_column][\/vc_row]<\/p>\n","protected":false},"excerpt":{"rendered":"<p>[vc_row][vc_column][vc_custom_heading text=&#8221;BA\u015eVURU&#8221; font_container=&#8221;tag:h2|text_align:left|color:%23cf2065&#8243; use_theme_fonts=&#8221;yes&#8221;][\/vc_column][\/vc_row][vc_row][vc_column][vc_column_text css=&#8221;.vc_custom_1717442564584{margin-top: 25px !important;}&#8221;]DA\u0130RE SANAT A\u00c7IK AT\u00d6LYE SANAT\u00c7I PROGRAMI BA\u015eVURU HAKKINDA Daire Sanat A\u00e7\u0131k At\u00f6lye sanat\u00e7\u0131 konuk [&hellip;]<\/p>\n","protected":false},"author":2,"featured_media":0,"parent":0,"menu_order":0,"comment_status":"closed","ping_status":"closed","template":"","meta":[],"_links":{"self":[{"href":"https:\/\/dairesanat.com\/index.php\/wp-json\/wp\/v2\/pages\/302"}],"collection":[{"href":"https:\/\/dairesanat.com\/index.php\/wp-json\/wp\/v2\/pages"}],"about":[{"href":"https:\/\/dairesanat.com\/index.php\/wp-json\/wp\/v2\/types\/page"}],"author":[{"embeddable":true,"href":"https:\/\/dairesanat.com\/index.php\/wp-json\/wp\/v2\/users\/2"}],"replies":[{"embeddable":true,"href":"https:\/\/dairesanat.com\/index.php\/wp-json\/wp\/v2\/comments?post=302"}],"version-history":[{"count":34,"href":"https:\/\/dairesanat.com\/index.php\/wp-json\/wp\/v2\/pages\/302\/revisions"}],"predecessor-version":[{"id":954,"href":"https:\/\/dairesanat.com\/index.php\/wp-json\/wp\/v2\/pages\/302\/revisions\/954"}],"wp:attachment":[{"href":"https:\/\/dairesanat.com\/index.php\/wp-json\/wp\/v2\/media?parent=302"}],"curies":[{"name":"wp","href":"https:\/\/api.w.org\/{rel}","templated":true}]}}