{"id":205,"date":"2019-12-04T22:45:49","date_gmt":"2019-12-04T22:45:49","guid":{"rendered":"http:\/\/dairesanat.com\/?page_id=205"},"modified":"2022-03-15T16:10:26","modified_gmt":"2022-03-15T13:10:26","slug":"sanat-danismanligi","status":"publish","type":"page","link":"https:\/\/dairesanat.com\/index.php\/sanat-danismanligi\/","title":{"rendered":"SANAT\u00c7I DANI\u015eMANLI\u011eI"},"content":{"rendered":"<p>[vc_row][vc_column][vc_custom_heading text=&#8221;SANAT DANI\u015eMANLI\u011eI&#8221; font_container=&#8221;tag:h2|text_align:left|color:%23cf2065&#8243; use_theme_fonts=&#8221;yes&#8221;][\/vc_column][\/vc_row][vc_row][vc_column][vc_column_text css=&#8221;.vc_custom_1647349774805{margin-top: 25px !important;}&#8221;]Daire Sanat\u2019\u0131n kurucu direkt\u00f6r\u00fc Selin S\u00f6l on iki senelik galeri y\u00f6neticili\u011fi, sergileme, sanat\u00e7\u0131 temsilcili\u011fi, k\u00fcrat\u00f6rl\u00fck ve fuar kat\u0131l\u0131m\u0131 deneyimi ile ki\u015fisel ve kurumsal sanat dan\u0131\u015fmanl\u0131\u011f\u0131 hizmeti de vermektedir. Bireylere ve \/veya kurumsal \u015firketlere koleksiyon olu\u015fturma, geli\u015ftirme ve proje dan\u0131\u015fmanl\u0131\u011f\u0131 konular\u0131nda destek vererek koleksiyon de\u011ferinin artt\u0131r\u0131lmas\u0131 konular\u0131nda da \u00e7al\u0131\u015fmalar yapar. Koleksiyon \u00e7izgisinin belirlenmesi, belli bir d\u00f6nem veya i\u00e7erik \u00fczerinden ara\u015ft\u0131rma yaparak sanat koleksiyonunun bi\u00e7imlendirilmesi, k\u0131saca sanat koleksiyonunun s\u00f6yleyecek bir \u201cs\u00f6z\u201d \u00fc olmas\u0131n\u0131 ama\u00e7lar. Bug\u00fcne kadar kendi koleksiyonunu olu\u015fturmak d\u0131\u015f\u0131nda bir\u00e7ok bireysel koleksiyona katk\u0131s\u0131 olmu\u015ftur.<\/p>\n<p>Ba\u015fl\u0131ca dan\u0131\u015fmanl\u0131k hizmetleri:<\/p>\n<p>Bireysel ya da kurumsal koleksiyon dan\u0131\u015fmanl\u0131\u011f\u0131 ya da y\u00f6netimi<\/p>\n<p>Sergi k\u00fcrat\u00f6rl\u00fc\u011f\u00fc, tan\u0131t\u0131m\u0131 ve organizasyonu<\/p>\n<p>Sanat\u00e7\u0131 temsiliyeti<\/p>\n<p>&nbsp;[\/vc_column_text][\/vc_column][\/vc_row]<\/p>\n","protected":false},"excerpt":{"rendered":"<p>[vc_row][vc_column][vc_custom_heading text=&#8221;SANAT DANI\u015eMANLI\u011eI&#8221; font_container=&#8221;tag:h2|text_align:left|color:%23cf2065&#8243; use_theme_fonts=&#8221;yes&#8221;][\/vc_column][\/vc_row][vc_row][vc_column][vc_column_text css=&#8221;.vc_custom_1647349774805{margin-top: 25px !important;}&#8221;]Daire Sanat\u2019\u0131n kurucu direkt\u00f6r\u00fc Selin S\u00f6l on iki senelik galeri y\u00f6neticili\u011fi, sergileme, sanat\u00e7\u0131 [&hellip;]<\/p>\n","protected":false},"author":2,"featured_media":0,"parent":0,"menu_order":0,"comment_status":"closed","ping_status":"closed","template":"","meta":[],"_links":{"self":[{"href":"https:\/\/dairesanat.com\/index.php\/wp-json\/wp\/v2\/pages\/205"}],"collection":[{"href":"https:\/\/dairesanat.com\/index.php\/wp-json\/wp\/v2\/pages"}],"about":[{"href":"https:\/\/dairesanat.com\/index.php\/wp-json\/wp\/v2\/types\/page"}],"author":[{"embeddable":true,"href":"https:\/\/dairesanat.com\/index.php\/wp-json\/wp\/v2\/users\/2"}],"replies":[{"embeddable":true,"href":"https:\/\/dairesanat.com\/index.php\/wp-json\/wp\/v2\/comments?post=205"}],"version-history":[{"count":5,"href":"https:\/\/dairesanat.com\/index.php\/wp-json\/wp\/v2\/pages\/205\/revisions"}],"predecessor-version":[{"id":930,"href":"https:\/\/dairesanat.com\/index.php\/wp-json\/wp\/v2\/pages\/205\/revisions\/930"}],"wp:attachment":[{"href":"https:\/\/dairesanat.com\/index.php\/wp-json\/wp\/v2\/media?parent=205"}],"curies":[{"name":"wp","href":"https:\/\/api.w.org\/{rel}","templated":true}]}}